{"id":71815,"date":"2018-10-11T16:41:22","date_gmt":"2018-10-11T16:41:22","guid":{"rendered":"https:\/\/www.coratimberindustries.com\/?page_id=71815"},"modified":"2018-11-26T17:28:20","modified_gmt":"2018-11-26T15:28:20","slug":"arbawood","status":"publish","type":"page","link":"https:\/\/www.coratimberindustries.com\/it\/rete-commerciale\/arbawood\/","title":{"rendered":"Arbawood"},"content":{"rendered":"<div class=\"wpb-content-wrapper\"><p>[vc_row type=&#8221;container&#8221;][vc_column][vc_column_text css=&#8221;.vc_custom_1539276174313{margin-bottom: -10px !important;}&#8221;]<\/p>\n<h1 style=\"text-align: center; line-height: 170%;\">Arbawood Timber Trading Agency<\/h1>\n<p>[\/vc_column_text][\/vc_column][\/vc_row][vc_row type=&#8221;container&#8221; css=&#8221;.vc_custom_1459436440652{padding-bottom: 10px !important;}&#8221; el_class=&#8221;contained&#8221;][vc_column][vc_column_text]<\/p>\n<h4 style=\"text-align: center;\"><span style=\"color: #999999;\">Aree di competenza : Marocco, Tunisia, Algeria, Turchia, Israele, Palestina, Libano, Giordania,\u00a0Senegal<\/span><\/h4>\n<p>[\/vc_column_text][vc_single_image image=&#8221;72383&#8243; img_size=&#8221;full&#8221; alignment=&#8221;center&#8221;][\/vc_column][\/vc_row][vc_row type=&#8221;container&#8221; el_class=&#8221;contained&#8221; css=&#8221;.vc_custom_1539722379308{padding-bottom: 50px !important;}&#8221;][vc_column][vc_column_text css=&#8221;.vc_custom_1539276615072{margin-bottom: -10px !important;}&#8221;]<\/p>\n<h4 style=\"margin-top: 0;\"><strong>Antonio Romito<\/strong><\/h4>\n<p>[\/vc_column_text][vc_separator color=&#8221;#7c7c7c&#8221; border_width=&#8221;2&#8243; type=&#8221;normal&#8221; thickness=&#8221;1&#8243; up=&#8221;10&#8243; down=&#8221;30&#8243;][vc_row_inner][vc_column_inner width=&#8221;1\/3&#8243;][vc_single_image image=&#8221;71488&#8243; img_size=&#8221;full&#8221; style=&#8221;vc_box_rounded&#8221; css=&#8221;.vc_custom_1539276866057{margin-bottom: 15px !important;}&#8221;][\/vc_column_inner][vc_column_inner width=&#8221;2\/3&#8243;][vc_column_text]Antonio ha deciso di rappresentare le Cor\u00e0 Timber Industries grazie ai pi\u00f9 di trent\u2019anni di conoscenza e reciproco rispetto personale e professionale con la propriet\u00e0 di Cor\u00e0 Timber Industries, nonch\u00e8 per la grande consapevolezza commerciale. Ci\u00f2 che la rende estremamente competitivo nei mercati esteri \u00e8 la costante alta qualit\u00e0 garantita, la flessibilit\u00e0 industriale sempre orientata alla soddisfazione dei clienti e l\u2019attenzione alle diverse esigenze della clientela internazionale.<\/p>\n<p><strong><em>Per lui, i tre punti pi\u00f9 importanti della societ\u00e0 sono\u2026<\/em><\/strong>\u00a0Collaborazione in \u201csistema di squadra\u201d con tutti coloro che sono coinvolti nello sviluppo del business, nell\u2019industria e nella forte trasparenza dinamica commerciale.[\/vc_column_text][\/vc_column_inner][\/vc_row_inner][\/vc_column][\/vc_row]<\/p>\n<\/div>","protected":false},"excerpt":{"rendered":"<p>[vc_row type=&#8221;container&#8221;][vc_column][vc_column_text css=&#8221;.vc_custom_1539276174313{margin-bottom: -10px !important;}&#8221;] Arbawood Timber Trading Agency [\/vc_column_text][\/vc_column][\/vc_row][vc_row type=&#8221;container&#8221; css=&#8221;.vc_custom_1459436440652{padding-bottom: 10px !important;}&#8221; el_class=&#8221;contained&#8221;][vc_column][vc_column_text] Aree di competenza : Marocco, Tunisia, Algeria, Turchia, Israele, Palestina, Libano, Giordania,\u00a0Senegal [\/vc_column_text][vc_single_image image=&#8221;72383&#8243; img_size=&#8221;full&#8221; alignment=&#8221;center&#8221;][\/vc_column][\/vc_row][vc_row type=&#8221;container&#8221; el_class=&#8221;contained&#8221; css=&#8221;.vc_custom_1539722379308{padding-bottom: 50px !important;}&#8221;][vc_column][vc_column_text css=&#8221;.vc_custom_1539276615072{margin-bottom: -10px !important;}&#8221;] Antonio Romito [\/vc_column_text][vc_separator color=&#8221;#7c7c7c&#8221; border_width=&#8221;2&#8243; type=&#8221;normal&#8221; thickness=&#8221;1&#8243; up=&#8221;10&#8243; down=&#8221;30&#8243;][vc_row_inner][vc_column_inner width=&#8221;1\/3&#8243;][vc_single_image image=&#8221;71488&#8243; img_size=&#8221;full&#8221; style=&#8221;vc_box_rounded&#8221; css=&#8221;.vc_custom_1539276866057{margin-bottom: 15px !important;}&#8221;][\/vc_column_inner][vc_column_inner [&hellip;]<\/p>\n","protected":false},"author":1,"featured_media":0,"parent":71352,"menu_order":0,"comment_status":"closed","ping_status":"closed","template":"page-full-width.php","meta":[],"acf":[],"_links":{"self":[{"href":"https:\/\/www.coratimberindustries.com\/it\/wp-json\/wp\/v2\/pages\/71815"}],"collection":[{"href":"https:\/\/www.coratimberindustries.com\/it\/wp-json\/wp\/v2\/pages"}],"about":[{"href":"https:\/\/www.coratimberindustries.com\/it\/wp-json\/wp\/v2\/types\/page"}],"author":[{"embeddable":true,"href":"https:\/\/www.coratimberindustries.com\/it\/wp-json\/wp\/v2\/users\/1"}],"replies":[{"embeddable":true,"href":"https:\/\/www.coratimberindustries.com\/it\/wp-json\/wp\/v2\/comments?post=71815"}],"version-history":[{"count":23,"href":"https:\/\/www.coratimberindustries.com\/it\/wp-json\/wp\/v2\/pages\/71815\/revisions"}],"predecessor-version":[{"id":72396,"href":"https:\/\/www.coratimberindustries.com\/it\/wp-json\/wp\/v2\/pages\/71815\/revisions\/72396"}],"up":[{"embeddable":true,"href":"https:\/\/www.coratimberindustries.com\/it\/wp-json\/wp\/v2\/pages\/71352"}],"wp:attachment":[{"href":"https:\/\/www.coratimberindustries.com\/it\/wp-json\/wp\/v2\/media?parent=71815"}],"curies":[{"name":"wp","href":"https:\/\/api.w.org\/{rel}","templated":true}]}}