{"id":71458,"date":"2018-07-23T09:37:32","date_gmt":"2018-07-23T09:37:32","guid":{"rendered":"https:\/\/www.coratimberindustries.com\/?page_id=71458"},"modified":"2023-01-20T19:44:49","modified_gmt":"2023-01-20T17:44:49","slug":"brand","status":"publish","type":"page","link":"https:\/\/www.coratimberindustries.com\/it\/brand\/","title":{"rendered":"Brands"},"content":{"rendered":"<div class=\"wpb-content-wrapper\"><p>[vc_row type=&#8221;container&#8221;][vc_column][vc_column_text css=&#8221;.vc_custom_1532338947205{margin-bottom: -10px !important;}&#8221;]<\/p>\n<h1 style=\"text-align: center;\">I nostri Brands<\/h1>\n<p>[\/vc_column_text][\/vc_column][\/vc_row][vc_row type=&#8221;container&#8221; css=&#8221;.vc_custom_1459436440652{padding-bottom: 10px !important;}&#8221; el_class=&#8221;contained&#8221;][vc_column width=&#8221;1\/6&#8243;][\/vc_column][vc_column width=&#8221;2\/3&#8243;][vc_column_text]<\/p>\n<h4 style=\"text-align: center;\"><span style=\"color: #999999;\">European supply, global distribution<br \/>\n<\/span><\/h4>\n<p>[\/vc_column_text][\/vc_column][vc_column width=&#8221;1\/6&#8243;][\/vc_column][\/vc_row][vc_row type=&#8221;container&#8221; css=&#8221;.vc_custom_1459013432538{padding-top: 18px !important;padding-bottom: 5px !important;}&#8221; el_class=&#8221;contained&#8221;][vc_column][vc_separator color=&#8221;#eeeeee&#8221; type=&#8221;normal&#8221; thickness=&#8221;1&#8243; up=&#8221;&#8221; down=&#8221;30&#8243;][vc_column_text css=&#8221;.vc_custom_1674236665394{padding-right: 15px !important;}&#8221;]<\/p>\n<h5><em>Cor\u00e0 Timber Industries \u00e8 un network industriale e commerciale internazionale comprendente una storica azienda produttiva, la LIPA DVRO, in Bosnia Erzegovina, e una societ\u00e0 di trading, la CORA HARDWOOD COMPANY, in Croazia.<\/em><\/h5>\n<p><span style=\"color: #777777;\">Recentemente affiancate da due societ\u00e0 di trading, CORA\u2019 HARDWOOD COMPANY e CORA\u2019 TIMBER TRANSILVANIA, rispettivamente in Croazia e Romania. La sede della holding del gruppo \u00e8 in Italia, a Vicenza, citt\u00e0 il cui meraviglioso patrimonio artistico \u00e8 tutelato dall\u2019Unesco.<\/span>[\/vc_column_text][\/vc_column][\/vc_row][vc_row type=&#8221;container&#8221; el_class=&#8221;contained&#8221;][vc_column][vc_separator color=&#8221;#eeeeee&#8221; type=&#8221;normal&#8221; thickness=&#8221;1&#8243; up=&#8221;&#8221; down=&#8221;30&#8243;][\/vc_column][\/vc_row][vc_row type=&#8221;container&#8221; css=&#8221;.vc_custom_1538556279713{padding-top: 10px !important;padding-bottom: 50px !important;}&#8221;][vc_column width=&#8221;1\/2&#8243; css=&#8221;.vc_custom_1532342434076{padding-top: 10px !important;}&#8221;][vc_single_image image=&#8221;71215&#8243; img_size=&#8221;180&#215;80&#8243; alignment=&#8221;center&#8221; style=&#8221;vc_box_rounded&#8221; onclick=&#8221;custom_link&#8221; css=&#8221;.vc_custom_1538585131305{margin-bottom: 22px !important;border-top-width: 3px !important;border-right-width: 3px !important;border-bottom-width: 3px !important;border-left-width: 3px !important;padding-top: 20px !important;padding-bottom: 20px !important;border-left-color: #adbc34 !important;border-left-style: solid !important;border-right-color: #adbc34 !important;border-right-style: solid !important;border-top-color: #adbc34 !important;border-top-style: solid !important;border-bottom-color: #adbc34 !important;border-bottom-style: solid !important;border-radius: 10px !important;}&#8221;][vc_column_text]<\/p>\n<h6 style=\"text-align: center;\">Fiorenti mercati dinamici in continua evoluzione, dove Cor\u00e0 \u00e8 gi\u00e0 presente. Fondata nel 2000 e situata a Omarska (Bosnia), Lipa \u00e8 una segheria di produzione certificata FSC, incentrata sulla produzione di tavole di quercia e faggio non orlate e squadrate.<\/h6>\n<p>[\/vc_column_text][vc_btn title=&#8221;Leggi altro su LIPA&#8221; style=&#8221;custom&#8221; custom_background=&#8221;#cf112d&#8221; custom_text=&#8221;#ffffff&#8221; align=&#8221;center&#8221; i_icon_fontawesome=&#8221;fa fa-caret-right&#8221; add_icon=&#8221;true&#8221; link=&#8221;url:%2Fit%2Fbrand%2Flipa%2F|||&#8221;][\/vc_column][vc_column width=&#8221;1\/2&#8243; css=&#8221;.vc_custom_1532342437225{border-left-width: 1px !important;padding-top: 10px !important;border-left-color: #cecece !important;border-left-style: solid !important;}&#8221;][vc_single_image image=&#8221;71469&#8243; img_size=&#8221;339&#215;80&#8243; alignment=&#8221;center&#8221; style=&#8221;vc_box_rounded&#8221; onclick=&#8221;custom_link&#8221; css=&#8221;.vc_custom_1669631437714{margin-bottom: 22px !important;border-top-width: 3px !important;border-right-width: 3px !important;border-bottom-width: 3px !important;border-left-width: 3px !important;padding-top: 20px !important;padding-bottom: 20px !important;border-left-color: #caaa31 !important;border-left-style: solid !important;border-right-color: #caaa31 !important;border-right-style: solid !important;border-top-color: #caaa31 !important;border-top-style: solid !important;border-bottom-color: #caaa31 !important;border-bottom-style: solid !important;border-radius: 10px !important;}&#8221;][vc_column_text]<\/p>\n<h6 style=\"text-align: center;\">Cor\u00e0 Hardwood \u00e8 una societ\u00e0 commerciale con sede a Zagabria (Croazia), specializzata nella vendita e distribuzione di legname di quercia e faggio.<\/h6>\n<p>[\/vc_column_text][vc_btn title=&#8221;Leggi altro su HARDWOOD&#8221; style=&#8221;custom&#8221; custom_background=&#8221;#cf112d&#8221; custom_text=&#8221;#ffffff&#8221; align=&#8221;center&#8221; i_icon_fontawesome=&#8221;&#8221; add_icon=&#8221;true&#8221; link=&#8221;url:https%3A%2F%2Fwww.coratimberindustries.com%2Fit%2Fbrand%2Fhardwood%2F&#8221;][\/vc_column][\/vc_row]<\/p>\n<\/div>","protected":false},"excerpt":{"rendered":"<p>[vc_row type=&#8221;container&#8221;][vc_column][vc_column_text css=&#8221;.vc_custom_1532338947205{margin-bottom: -10px !important;}&#8221;] I nostri Brands [\/vc_column_text][\/vc_column][\/vc_row][vc_row type=&#8221;container&#8221; css=&#8221;.vc_custom_1459436440652{padding-bottom: 10px !important;}&#8221; el_class=&#8221;contained&#8221;][vc_column width=&#8221;1\/6&#8243;][\/vc_column][vc_column width=&#8221;2\/3&#8243;][vc_column_text] European supply, global distribution [\/vc_column_text][\/vc_column][vc_column width=&#8221;1\/6&#8243;][\/vc_column][\/vc_row][vc_row type=&#8221;container&#8221; css=&#8221;.vc_custom_1459013432538{padding-top: 18px !important;padding-bottom: 5px !important;}&#8221; el_class=&#8221;contained&#8221;][vc_column][vc_separator color=&#8221;#eeeeee&#8221; type=&#8221;normal&#8221; thickness=&#8221;1&#8243; up=&#8221;&#8221; down=&#8221;30&#8243;][vc_column_text css=&#8221;.vc_custom_1674236665394{padding-right: 15px !important;}&#8221;] Cor\u00e0 Timber Industries \u00e8 un network industriale e commerciale internazionale comprendente una storica azienda produttiva, la LIPA DVRO, [&hellip;]<\/p>\n","protected":false},"author":1,"featured_media":0,"parent":0,"menu_order":0,"comment_status":"closed","ping_status":"closed","template":"page-full-width.php","meta":[],"acf":[],"_links":{"self":[{"href":"https:\/\/www.coratimberindustries.com\/it\/wp-json\/wp\/v2\/pages\/71458"}],"collection":[{"href":"https:\/\/www.coratimberindustries.com\/it\/wp-json\/wp\/v2\/pages"}],"about":[{"href":"https:\/\/www.coratimberindustries.com\/it\/wp-json\/wp\/v2\/types\/page"}],"author":[{"embeddable":true,"href":"https:\/\/www.coratimberindustries.com\/it\/wp-json\/wp\/v2\/users\/1"}],"replies":[{"embeddable":true,"href":"https:\/\/www.coratimberindustries.com\/it\/wp-json\/wp\/v2\/comments?post=71458"}],"version-history":[{"count":34,"href":"https:\/\/www.coratimberindustries.com\/it\/wp-json\/wp\/v2\/pages\/71458\/revisions"}],"predecessor-version":[{"id":72763,"href":"https:\/\/www.coratimberindustries.com\/it\/wp-json\/wp\/v2\/pages\/71458\/revisions\/72763"}],"wp:attachment":[{"href":"https:\/\/www.coratimberindustries.com\/it\/wp-json\/wp\/v2\/media?parent=71458"}],"curies":[{"name":"wp","href":"https:\/\/api.w.org\/{rel}","templated":true}]}}