{"id":71414,"date":"2018-07-03T15:43:52","date_gmt":"2018-07-03T15:43:52","guid":{"rendered":"https:\/\/www.coratimberindustries.com\/?page_id=71414"},"modified":"2019-11-11T16:20:39","modified_gmt":"2019-11-11T14:20:39","slug":"mico","status":"publish","type":"page","link":"https:\/\/www.coratimberindustries.com\/it\/brand\/mico\/","title":{"rendered":"Mico"},"content":{"rendered":"<div class=\"wpb-content-wrapper\"><p>[vc_row type=&#8221;container&#8221; css=&#8221;.vc_custom_1529648625696{padding-top: 40px !important;padding-bottom: 20px !important;}&#8221;][vc_column width=&#8221;1\/2&#8243;][vc_column_text]<\/p>\n<h4 style=\"margin-top: 0px;\"><span style=\"color: #caaa31;\">Societ\u00e0 costituita nel 2001 nei pressi di Sibiu, citt\u00e0 storica della Romania, considerata tra le citt\u00e0 pi\u00f9 belle d\u2019Europa, capitale della cultura europea nel 2007.<br \/>\nL\u2019azienda \u00e8 posizionata strategicamente in posizione centrale rispetto alla catena montuosa dei Carpazi fonte privilegiata di tronchi di latifoglie di ottima qualit\u00e0.<\/span><\/h4>\n<p>[\/vc_column_text][vc_btn title=&#8221;Visita il sito MICO&#8221; style=&#8221;custom&#8221; custom_background=&#8221;#cf112d&#8221; custom_text=&#8221;#ffffff&#8221; i_icon_fontawesome=&#8221;fa fa-globe&#8221; add_icon=&#8221;true&#8221; link=&#8221;url:https%3A%2F%2Fwww.micolegnami.com%2F||target:%20_blank|&#8221; el_class=&#8221;bt-sito&#8221;][\/vc_column][vc_column width=&#8221;1\/2&#8243;][vc_single_image image=&#8221;71415&#8243; img_size=&#8221;full&#8221;][\/vc_column][\/vc_row][vc_row type=&#8221;container&#8221; css=&#8221;.vc_custom_1459251841324{padding-top: 20px !important;padding-bottom: 20px !important;}&#8221;][vc_column width=&#8221;1\/2&#8243;][vc_single_image image=&#8221;71419&#8243; img_size=&#8221;full&#8221;][\/vc_column][vc_column width=&#8221;1\/2&#8243;][vc_column_text]In origine la produzione della Mico era dedicata esclusivamente al <strong><em>tavolame di noce e ciliegio<\/em><\/strong>, essenze di tendenza nei primi anni duemila.<\/p>\n<p>Una volta esaurito il ciclo di consumo di questa essenza legnosa, nel 2008\/2009, la societ\u00e0 ha subito una strategica riorganizzazione e una significativa conversione merceologica verso <strong><em>il tavolame di faggio, molto richiesto in numerosi Paesi del mondo, diventando il protagonista assoluto della produzione della Mico. <\/em><\/strong>[\/vc_column_text][\/vc_column][\/vc_row][vc_row type=&#8221;container&#8221; css=&#8221;.vc_custom_1459251841324{padding-top: 20px !important;padding-bottom: 20px !important;}&#8221;][vc_column width=&#8221;1\/2&#8243;][vc_column_text]<em>Il tronco di faggio rumeno si distingue per la presenza di un consistente cuore rosso centrale esente da difetti.\u00a0\u00a0 Questa duplice colorazione, molto apprezzata e ricercata in molti mercati ha favorito una marcata differenziazione commerciale rispetto al faggio di produzione Bosnia, prodotto in Lipa.<\/em><\/p>\n<p>Il 2014 rappresenta uno step di vitale importanza strategica, l\u2019ampliamento della capacit\u00e0 di essiccazione con <strong><em>l\u2019istallazione di sei nuove celle Termolegno di ultima generazione<\/em><\/strong> che ha portato la capacit\u00e0 complessiva per ciclo ad oltre 1.000 metri cubi.[\/vc_column_text][\/vc_column][vc_column width=&#8221;1\/2&#8243;][vc_single_image image=&#8221;72407&#8243; img_size=&#8221;full&#8221;][\/vc_column][\/vc_row][vc_row type=&#8221;container&#8221; css=&#8221;.vc_custom_1459251841324{padding-top: 20px !important;padding-bottom: 20px !important;}&#8221;][vc_column width=&#8221;1\/2&#8243;][vc_single_image image=&#8221;71418&#8243; img_size=&#8221;full&#8221;][\/vc_column][vc_column width=&#8221;1\/2&#8243;][vc_column_text]Il biennio 2015-2017 \u00e8 caratterizzato da un consistente aumento del fatturato attraverso l\u2019introduzione del faggio MICO in importanti potenziali mercati.<\/p>\n<p>Il biennio 2018-2020 segner\u00e0 un altro passaggio decisivo \u00c8 in fase di ultimazione un <strong><em>progetto di investimento<\/em><\/strong> con la messa in opera di una caldaia di nuova concezione, una nuova linea di refilatura, una seconda camera di evaporizzazione e due ulteriori forni d\u2019essiccazione.[\/vc_column_text][\/vc_column][\/vc_row][vc_row type=&#8221;container&#8221;][vc_column][vc_separator color=&#8221;#eeeeee&#8221; type=&#8221;normal&#8221; thickness=&#8221;1&#8243; up=&#8221;&#8221; down=&#8221;&#8221;][\/vc_column][\/vc_row][vc_row type=&#8221;container&#8221; css=&#8221;.vc_custom_1459253963078{margin-top: 13px !important;margin-bottom: 35px !important;}&#8221;][vc_column width=&#8221;1\/2&#8243;][vc_column_text css=&#8221;.vc_custom_1529648088577{margin-bottom: 20px !important;}&#8221;]<\/p>\n<h2 style=\"font-weight: inherit;\">Tecnologia<\/h2>\n<p>[\/vc_column_text][vc_separator color=&#8221;#cf112d&#8221; align=&#8221;align_left&#8221; type=&#8221;small&#8221; position=&#8221;center&#8221; thickness=&#8221;2&#8243; up=&#8221;&#8221; down=&#8221;&#8221;][vc_column_text css=&#8221;.vc_custom_1530633368387{margin-bottom: 0px !important;padding-top: 20px !important;}&#8221;]L\u2019azienda riesce a soddisfare le pi\u00f9 svariate richieste grazie alle attrezzature presenti in loco:\u00a0Mico dispone infatti di 1 segatronchi a nastro verticale Artiglio, 1 scorteccia tronchi Valentini, 1 refilatrice Modesto, 2 pale gommate Jcb e Zeppelin, 4 carrelli a gawsolio Hyster, 3 caldaie e un evaporatore Baschild con capacit\u00e0 di 70mc a ciclo, 10 essiccatoi Baschild e 5 essiccatoi Termolegno con capacit\u00e0 di essicazione di 900mc\/mensili e 60 dipendenti.[\/vc_column_text][\/vc_column][vc_column width=&#8221;1\/2&#8243; css=&#8221;.vc_custom_1459251898962{padding-top: 32px !important;}&#8221;][vc_column_text]<style>\r\n\r\n#wpsm_counter_b_row_71431 .wpsm_counterbox\r\n{\r\n\ttext-align:center;\r\n\tmargin-top:50px;\r\n\tmargin-bottom:50px;\r\n}\r\n#wpsm_counter_b_row_71431 .wpsm_counterbox .wpsm_count-icon{\r\n\tdisplay:block;\r\n\tmargin-top:20px;\r\n\tpadding-top:0px;\r\n\tpadding-bottom:0px;\r\n\tmargin-bottom:0px;\r\n\tmargin:0 auto;\r\n}\r\n#wpsm_counter_b_row_71431 .wpsm_counterbox .wpsm_count-icon i{\r\n\tfont-size:20px;\r\n\tcolor:#000000;\r\n}\r\n#wpsm_counter_b_row_71431 .wpsm_counterbox .wpsm_number{\r\n\tfont-size:30px;\r\n\tfont-weight:300;\r\n\tcolor:#000000;\r\n\tfont-family:'Open Sans';\r\n\tletter-spacing:2px;\r\n\tmargin-top:20px;\r\n\tline-height: 1.3em;\r\n\tpadding-top:0px;\r\n\tpadding-bottom:0px;\r\n\tmargin-bottom:0px;\r\n}\r\n#wpsm_counter_b_row_71431 .wpsm_counterbox .wpsm_count-title{\r\n    font-size:20px;\r\n\tfont-weight:bolder;\r\n\tfont-family:'Open Sans';\r\n\tletter-spacing:2px;\r\n    color: #000000;\r\n\tfont-weight:300;\r\n\tmargin-top:20px;\r\n\tpadding-top:0px;\r\n\tpadding-bottom:0px;\r\n\tmargin-bottom:0px;\r\n\tline-height: 1.3em;\r\n}\r\n\r\n.wpsm_number {float:left!important;text-align:left!important;}\r\n.wpsm_count-title {float:right;margin-top:-30px!important;min-height:auto!important;}\r\n.wpsm_counterbox {margin-top:0px!important;margin-bottom:0px!important;}\r\n.wpsm_row .wpsm_col-md-12 {border-bottom:1px solid #cecece;}<\/style> \r\n\t\t \r\n\t\t\r\n\t\t<style>\r\n\t\t#wpsm_counter_b_row_71431\t\t\t{\r\n\t\t\t\t\r\n\t\t\t\tposition:relative;\r\n\t\t\t\twidth:100%;\r\n\t\t\t\toverflow:hidden;\r\n\t\t\t\ttext-align:center;\r\n\t\t\t}\r\n\t\t\t \r\n\t\t\t#wpsm_counter_b_row_71431 .wpsm_row{\r\n\t\t\toverflow:hidden;\r\n\t\t\tdisplay:block;\r\n\t\t\twidth:100%;\r\n\t\t\t} \r\n\t\t\t \r\n\t\t\t#wpsm_counter_b_row_71431 .wpsm_row{\r\n\t\t\toverflow:visible;\r\n\t\t\t} \r\n\t\t\t \r\n\t\t\t#wpsm_counter_b_row_71431 .wpsm_counterbox .wpsm_count-title{\r\n\t\t\tmin-height:56px;\r\n\t\t\t}}\r\n\t\t\t \r\n\t\t<\/style>\r\n\t\t\r\n\t\t<div class=\"wpsm_counter_b_row\" id=\"wpsm_counter_b_row_71431\">\r\n\t\t\t<div>\r\n\t\t\t\t<div class=\"wpsm_row\">\r\n\t\t\r\n\t\t\t\t\t\t<div class=\"wpsm_col-md-12 wpsm_col-sm-6\">\r\n\t\t\t\t\t<div class=\"wpsm_counterbox\">\r\n\t\t\t\t\t\t\t\t\t\t\t\t<div class=\"wpsm_number\" style=\"#000000\" >\r\n\t\t\t\t\t\t   <span class=\"counter\">100000\t\t\t\t\t\t   <\/span>\r\n\t\t\t\t\t\t    \r\n\t\t\t\t\t    <\/div>\r\n\t\t\t\t\t\t<h3 class=\"wpsm_count-title\" #000000> MQ DI PIAZZALI<\/h3>\r\n\t\t\t\t\t\t \r\n\t\t\t\t\t<\/div>\r\n\t\t\t\t<\/div>\r\n\t\t\t\t\t\t<\/div>\r\n\t\t\t<div class=\"wpsm_row\">\r\n\t\t\t\t\t\t\t\t<div class=\"wpsm_col-md-12 wpsm_col-sm-6\">\r\n\t\t\t\t\t<div class=\"wpsm_counterbox\">\r\n\t\t\t\t\t\t\t\t\t\t\t\t<div class=\"wpsm_number\" style=\"#000000\" >\r\n\t\t\t\t\t\t   <span class=\"counter\">100\t\t\t\t\t\t   <\/span>\r\n\t\t\t\t\t\t    \r\n\t\t\t\t\t    <\/div>\r\n\t\t\t\t\t\t<h3 class=\"wpsm_count-title\" #000000> DIPENDENTI<\/h3>\r\n\t\t\t\t\t\t \r\n\t\t\t\t\t<\/div>\r\n\t\t\t\t<\/div>\r\n\t\t\t\t\t\t<\/div>\r\n\t\t\t<div class=\"wpsm_row\">\r\n\t\t\t\t\t\t\t\t<div class=\"wpsm_col-md-12 wpsm_col-sm-6\">\r\n\t\t\t\t\t<div class=\"wpsm_counterbox\">\r\n\t\t\t\t\t\t\t\t\t\t\t\t<div class=\"wpsm_number\" style=\"#000000\" >\r\n\t\t\t\t\t\t   <span class=\"counter\">15000\t\t\t\t\t\t   <\/span>\r\n\t\t\t\t\t\t    \r\n\t\t\t\t\t    <\/div>\r\n\t\t\t\t\t\t<h3 class=\"wpsm_count-title\" #000000> MQ DI CAPANNONI INDUSTRIALI<\/h3>\r\n\t\t\t\t\t\t \r\n\t\t\t\t\t<\/div>\r\n\t\t\t\t<\/div>\r\n\t\t\t\t\t\t<\/div>\r\n\t\t\t<div class=\"wpsm_row\">\r\n\t\t\t\t\t\t\t\t<div class=\"wpsm_col-md-12 wpsm_col-sm-6\">\r\n\t\t\t\t\t<div class=\"wpsm_counterbox\">\r\n\t\t\t\t\t\t\t\t\t\t\t\t<div class=\"wpsm_number\" style=\"#000000\" >\r\n\t\t\t\t\t\t   <span class=\"counter\">1500\t\t\t\t\t\t   <\/span>\r\n\t\t\t\t\t\t    \r\n\t\t\t\t\t    <\/div>\r\n\t\t\t\t\t\t<h3 class=\"wpsm_count-title\" #000000> MC DI ESSICATOI<\/h3>\r\n\t\t\t\t\t\t \r\n\t\t\t\t\t<\/div>\r\n\t\t\t\t<\/div>\r\n\t\t\t\t\t\t<\/div>\r\n\t\t\t<div class=\"wpsm_row\">\r\n\t\t\t\t\t\t\r\n\t\t\t<\/div>\t\t\t\t<\/div>\r\n\t\t<\/div>\r\n\t\t\r\n\t[\/vc_column_text][\/vc_column][\/vc_row][vc_row parallax=&#8221;content-moving&#8221; parallax_image=&#8221;72123&#8243; type=&#8221;full_page_width_inner_container&#8221; css=&#8221;.vc_custom_1540307004490{padding-top: 50px !important;padding-bottom: 50px !important;background-position: center;background-repeat: no-repeat !important;background-size: cover !important;}&#8221;][vc_column width=&#8221;1\/4&#8243;][\/vc_column][vc_column width=&#8221;1\/2&#8243;][vc_column_text el_class=&#8221;white-text&#8221;]<\/p>\n<h1 style=\"text-align: center; font-weight: 400;\">I PRODOTTI<\/h1>\n<h5 style=\"text-align: center; margin-top: 0;\">Per conoscere nel dettaglio la produzione MICO,<br \/>\nclicca sul logo qui sotto:<\/h5>\n<p>[\/vc_column_text][vc_single_image image=&#8221;72375&#8243; img_size=&#8221;full&#8221; alignment=&#8221;center&#8221; onclick=&#8221;custom_link&#8221; img_link_target=&#8221;_blank&#8221; link=&#8221;https:\/\/www.micolegnami.com\/it\/prodotti\/&#8221;][\/vc_column][vc_column width=&#8221;1\/4&#8243;][\/vc_column][\/vc_row]<\/p>\n<\/div>","protected":false},"excerpt":{"rendered":"<p>[vc_row type=&#8221;container&#8221; css=&#8221;.vc_custom_1529648625696{padding-top: 40px !important;padding-bottom: 20px !important;}&#8221;][vc_column width=&#8221;1\/2&#8243;][vc_column_text] Societ\u00e0 costituita nel 2001 nei pressi di Sibiu, citt\u00e0 storica della Romania, considerata tra le citt\u00e0 pi\u00f9 belle d\u2019Europa, capitale della cultura europea nel 2007. L\u2019azienda \u00e8 posizionata strategicamente in posizione centrale rispetto alla catena montuosa dei Carpazi fonte privilegiata di tronchi di latifoglie di ottima qualit\u00e0. [&hellip;]<\/p>\n","protected":false},"author":1,"featured_media":71209,"parent":71458,"menu_order":0,"comment_status":"closed","ping_status":"closed","template":"page-full-width.php","meta":[],"acf":[],"_links":{"self":[{"href":"https:\/\/www.coratimberindustries.com\/it\/wp-json\/wp\/v2\/pages\/71414"}],"collection":[{"href":"https:\/\/www.coratimberindustries.com\/it\/wp-json\/wp\/v2\/pages"}],"about":[{"href":"https:\/\/www.coratimberindustries.com\/it\/wp-json\/wp\/v2\/types\/page"}],"author":[{"embeddable":true,"href":"https:\/\/www.coratimberindustries.com\/it\/wp-json\/wp\/v2\/users\/1"}],"replies":[{"embeddable":true,"href":"https:\/\/www.coratimberindustries.com\/it\/wp-json\/wp\/v2\/comments?post=71414"}],"version-history":[{"count":39,"href":"https:\/\/www.coratimberindustries.com\/it\/wp-json\/wp\/v2\/pages\/71414\/revisions"}],"predecessor-version":[{"id":72556,"href":"https:\/\/www.coratimberindustries.com\/it\/wp-json\/wp\/v2\/pages\/71414\/revisions\/72556"}],"up":[{"embeddable":true,"href":"https:\/\/www.coratimberindustries.com\/it\/wp-json\/wp\/v2\/pages\/71458"}],"wp:featuredmedia":[{"embeddable":true,"href":"https:\/\/www.coratimberindustries.com\/it\/wp-json\/wp\/v2\/media\/71209"}],"wp:attachment":[{"href":"https:\/\/www.coratimberindustries.com\/it\/wp-json\/wp\/v2\/media?parent=71414"}],"curies":[{"name":"wp","href":"https:\/\/api.w.org\/{rel}","templated":true}]}}