{"id":71315,"date":"2018-06-22T06:00:38","date_gmt":"2018-06-22T06:00:38","guid":{"rendered":"https:\/\/www.coratimberindustries.com\/?page_id=71315"},"modified":"2025-02-07T17:11:17","modified_gmt":"2025-02-07T15:11:17","slug":"lipa","status":"publish","type":"page","link":"https:\/\/www.coratimberindustries.com\/it\/brand\/lipa\/","title":{"rendered":"Lipa"},"content":{"rendered":"<div class=\"wpb-content-wrapper\"><p>[vc_row type=&#8221;container&#8221; css=&#8221;.vc_custom_1529648625696{padding-top: 40px !important;padding-bottom: 20px !important;}&#8221;][vc_column width=&#8221;1\/2&#8243;][vc_column_text css=&#8221;&#8221;]<\/p>\n<h4 style=\"margin-top: 0px;\"><span style=\"color: #adbc34;\">Lipa: qualit\u00e0 e sostenibilit\u00e0 dal cuore della Bosnia<br \/>\nNata nel 2000 a Omarska, in Bosnia, Lipa si trova in una delle regioni pi\u00f9 rinomate al mondo per la produzione di tavolame di faggio. <\/span><\/h4>\n<p>[\/vc_column_text][vc_btn title=&#8221;Visita il sito LIPA&#8221; style=&#8221;custom&#8221; custom_background=&#8221;#cf112d&#8221; custom_text=&#8221;#ffffff&#8221; i_icon_fontawesome=&#8221;fa fa-globe&#8221; add_icon=&#8221;true&#8221; link=&#8221;url:https%3A%2F%2Fwww.lipadrvo.com%2F||target:%20_blank|&#8221; el_class=&#8221;bt-sito&#8221;][\/vc_column][vc_column width=&#8221;1\/2&#8243;][vc_single_image image=&#8221;71318&#8243; img_size=&#8221;full&#8221;][\/vc_column][\/vc_row][vc_row type=&#8221;container&#8221; css=&#8221;.vc_custom_1459251841324{padding-top: 20px !important;padding-bottom: 20px !important;}&#8221;][vc_column width=&#8221;1\/2&#8243;][vc_single_image image=&#8221;73027&#8243; img_size=&#8221;full&#8221; css=&#8221;&#8221;][\/vc_column][vc_column width=&#8221;1\/2&#8243;][vc_column_text css=&#8221;&#8221;]<strong>Impegno per la sostenibilit\u00e0 certificata FSC\u00ae<\/strong><\/p>\n<p><span style=\"color: #000000;\">La sostenibilit\u00e0 ambientale \u00e8 al centro della nostra filosofia. Collaboriamo solo con <b>fornitori <\/b><span style=\"color: #156082;\">certificati FSC\u00ae<\/span>, selezionati secondo rigidi criteri di affidabilit\u00e0, per garantire la massima tutela del patrimonio forestale. Scegliere Lipa significa scegliere legno proveniente da foreste gestite in modo responsabile.<\/span><\/p>\n<p><strong>Eccellenza nella produzione<\/strong><\/p>\n<p><span style=\"color: #000000;\">Il <b>rispetto per l&#8217;ambiente<\/b>, l&#8217;impegno per la qualit\u00e0 e l&#8217;esperienza maturata negli anni fanno di Lipa un&#8217;azienda leader nel settore, un punto di riferimento in Bosnia e Croazia.<\/span>[\/vc_column_text][\/vc_column][\/vc_row][vc_row type=&#8221;container&#8221; css=&#8221;.vc_custom_1459251841324{padding-top: 20px !important;padding-bottom: 20px !important;}&#8221;][vc_column width=&#8221;1\/2&#8243;][vc_column_text css=&#8221;&#8221;]<span style=\"color: #000000;\"><strong>Il valore delle persone<\/strong><\/span><\/p>\n<p><span style=\"color: #000000;\">Crediamo nel valore delle persone. La <b>professionalit\u00e0, la seriet\u00e0 e l&#8217;esperienza<\/b> dei nostri collaboratori sono parte integrante del nostro successo.<\/span><\/p>\n<p class=\"western\"><strong>Un network globale per la distribuzione di legno certificato<\/strong><\/p>\n<p><span style=\"color: #000000;\">Grazie alla rete commerciale coordinata da Timber Industries, <b>i prodotti Lipa <\/b>raggiungono clienti in tutto il mondo, con un servizio di supporto e consulenza qualificato.<\/span>[\/vc_column_text][\/vc_column][vc_column width=&#8221;1\/2&#8243;][vc_single_image image=&#8221;73025&#8243; img_size=&#8221;full&#8221; css=&#8221;&#8221;][\/vc_column][\/vc_row][vc_row type=&#8221;container&#8221; css=&#8221;.vc_custom_1459251841324{padding-top: 20px !important;padding-bottom: 20px !important;}&#8221;][vc_column width=&#8221;1\/2&#8243;][vc_single_image image=&#8221;73023&#8243; img_size=&#8221;full&#8221; css=&#8221;&#8221;][\/vc_column][vc_column width=&#8221;1\/2&#8243;][vc_column_text css=&#8221;&#8221;]<strong>Dalla foresta al cliente finale, nel rispetto degli standard FSC\u00ae<\/strong><\/p>\n<p><span style=\"color: #000000;\">Controlliamo l&#8217;intero ciclo produttivo, dall&#8217;approvvigionamento dei tronchi certificati FSC\u00ae alla consegna del prodotto finito, garantendo elevati standard qualitativi e la massima soddisfazione del cliente.<\/span><\/p>\n<p class=\"western\"><strong>Riconoscimenti e risultati<\/strong><\/p>\n<p><span style=\"color: #000000;\">Nel corso degli anni, Lipa ha ricevuto <b>numerosi premi e riconoscimenti per la qualit\u00e0 dei suoi prodotti e servizi<\/b>, tra cui la certificazione FSC\u00ae che testimonia il nostro impegno per la gestione forestale responsabile. L&#8217;eccellenza del nostro lavoro \u00e8 testimoniata anche dal basso tasso di reclami: meno dello 0,5% annuo.\u00a0<\/span><\/p>\n<p class=\"western\"><strong>Certificazione FSC\u00ae\u00a0<\/strong><\/p>\n<p><span style=\"color: #000000;\">I prodotti Lipa possiedono la certificazione FSC\u00ae (Forest Stewardship Council): una certificazione internazionale specifica per il settore forestale e i prodotti derivati dalle foreste che testimonia il nostro impegno per la gestione responsabile dell\u2019ambiente. Un impegno volto alla salvaguardia e alla valorizzazione dei benefici ecosistemici per la collettivit\u00e0.<\/span>[\/vc_column_text][\/vc_column][\/vc_row][vc_row type=&#8221;container&#8221;][vc_column][vc_separator color=&#8221;#eeeeee&#8221; type=&#8221;normal&#8221; thickness=&#8221;1&#8243; up=&#8221;&#8221; down=&#8221;&#8221;][\/vc_column][\/vc_row][vc_row equal_height=&#8221;yes&#8221; type=&#8221;container&#8221; css=&#8221;.vc_custom_1738356235750{margin-top: 13px !important;margin-bottom: 35px !important;}&#8221;][vc_column width=&#8221;1\/2&#8243;][vc_column_text css=&#8221;.vc_custom_1529648088577{margin-bottom: 20px !important;}&#8221;]<\/p>\n<h2 style=\"font-weight: inherit;\">Tecnologia<\/h2>\n<p>[\/vc_column_text][vc_separator color=&#8221;#cf112d&#8221; align=&#8221;align_left&#8221; type=&#8221;small&#8221; position=&#8221;center&#8221; thickness=&#8221;2&#8243; up=&#8221;&#8221; down=&#8221;&#8221;][vc_column_text css=&#8221;.vc_custom_1738356208485{margin-bottom: 0px !important;padding-top: 20px !important;}&#8221;]<span style=\"color: #000000;\">L\u2019azienda riesce a soddisfare le pi\u00f9 svariate richieste grazie ad attrezzature tecnologicamente avanzate.<\/span><\/p>\n<p><span style=\"color: #000000;\">Lipa dispone di: <\/span><\/p>\n<ul>\n<li><span style=\"color: #000000;\">1 segatronchi italiana Primultini<\/span><\/li>\n<li><span style=\"color: #000000;\">3 refilatrici Modesto <\/span><\/li>\n<li><span style=\"color: #000000;\">1 linea di selezione qualit\u00e0 automatica BFB.<\/span><\/li>\n<li><span style=\"color: #000000;\">24 essiccatoi<\/span><\/li>\n<li><span style=\"color: #000000;\">2 evaporatori<\/span><\/li>\n<li><span style=\"color: #000000;\">3 caldaie<\/span><\/li>\n<\/ul>\n<p>[\/vc_column_text][\/vc_column][vc_column width=&#8221;1\/2&#8243; css=&#8221;.vc_custom_1738356361975{padding-top: 105px !important;}&#8221;][vc_column_text]<style>\r\n\r\n#wpsm_counter_b_row_71427 .wpsm_counterbox\r\n{\r\n\ttext-align:center;\r\n\tmargin-top:50px;\r\n\tmargin-bottom:50px;\r\n}\r\n#wpsm_counter_b_row_71427 .wpsm_counterbox .wpsm_count-icon{\r\n\tdisplay:block;\r\n\tmargin-top:20px;\r\n\tpadding-top:0px;\r\n\tpadding-bottom:0px;\r\n\tmargin-bottom:0px;\r\n\tmargin:0 auto;\r\n}\r\n#wpsm_counter_b_row_71427 .wpsm_counterbox .wpsm_count-icon i{\r\n\tfont-size:20px;\r\n\tcolor:#000000;\r\n}\r\n#wpsm_counter_b_row_71427 .wpsm_counterbox .wpsm_number{\r\n\tfont-size:30px;\r\n\tfont-weight:300;\r\n\tcolor:#000000;\r\n\tfont-family:'Open Sans';\r\n\tletter-spacing:2px;\r\n\tmargin-top:20px;\r\n\tline-height: 1.3em;\r\n\tpadding-top:0px;\r\n\tpadding-bottom:0px;\r\n\tmargin-bottom:0px;\r\n}\r\n#wpsm_counter_b_row_71427 .wpsm_counterbox .wpsm_count-title{\r\n    font-size:20px;\r\n\tfont-weight:bolder;\r\n\tfont-family:'Open Sans';\r\n\tletter-spacing:2px;\r\n    color: #000000;\r\n\tfont-weight:300;\r\n\tmargin-top:20px;\r\n\tpadding-top:0px;\r\n\tpadding-bottom:0px;\r\n\tmargin-bottom:0px;\r\n\tline-height: 1.3em;\r\n}\r\n\r\n.wpsm_number {float:left!important;text-align:left!important;}\r\n.wpsm_count-title {float:right;margin-top:-30px!important;min-height:auto!important;}\r\n.wpsm_counterbox {margin-top:0px!important;margin-bottom:0px!important;}\r\n.wpsm_row .wpsm_col-md-12 {border-bottom:1px solid #cecece;}<\/style> \r\n\t\t \r\n\t\t\r\n\t\t<style>\r\n\t\t#wpsm_counter_b_row_71427\t\t\t{\r\n\t\t\t\t\r\n\t\t\t\tposition:relative;\r\n\t\t\t\twidth:100%;\r\n\t\t\t\toverflow:hidden;\r\n\t\t\t\ttext-align:center;\r\n\t\t\t}\r\n\t\t\t \r\n\t\t\t#wpsm_counter_b_row_71427 .wpsm_row{\r\n\t\t\toverflow:hidden;\r\n\t\t\tdisplay:block;\r\n\t\t\twidth:100%;\r\n\t\t\t} \r\n\t\t\t \r\n\t\t\t#wpsm_counter_b_row_71427 .wpsm_row{\r\n\t\t\toverflow:visible;\r\n\t\t\t} \r\n\t\t\t \r\n\t\t\t#wpsm_counter_b_row_71427 .wpsm_counterbox .wpsm_count-title{\r\n\t\t\tmin-height:56px;\r\n\t\t\t}}\r\n\t\t\t \r\n\t\t<\/style>\r\n\t\t\r\n\t\t<div class=\"wpsm_counter_b_row\" id=\"wpsm_counter_b_row_71427\">\r\n\t\t\t<div>\r\n\t\t\t\t<div class=\"wpsm_row\">\r\n\t\t\r\n\t\t\t\t\t\t<div class=\"wpsm_col-md-12 wpsm_col-sm-6\">\r\n\t\t\t\t\t<div class=\"wpsm_counterbox\">\r\n\t\t\t\t\t\t\t\t\t\t\t\t<div class=\"wpsm_number\" style=\"#000000\" >\r\n\t\t\t\t\t\t   <span class=\"counter\">100000\t\t\t\t\t\t   <\/span>\r\n\t\t\t\t\t\t    \r\n\t\t\t\t\t    <\/div>\r\n\t\t\t\t\t\t<h3 class=\"wpsm_count-title\" #000000> MQ DI PIAZZALI<\/h3>\r\n\t\t\t\t\t\t \r\n\t\t\t\t\t<\/div>\r\n\t\t\t\t<\/div>\r\n\t\t\t\t\t\t<\/div>\r\n\t\t\t<div class=\"wpsm_row\">\r\n\t\t\t\t\t\t\t\t<div class=\"wpsm_col-md-12 wpsm_col-sm-6\">\r\n\t\t\t\t\t<div class=\"wpsm_counterbox\">\r\n\t\t\t\t\t\t\t\t\t\t\t\t<div class=\"wpsm_number\" style=\"#000000\" >\r\n\t\t\t\t\t\t   <span class=\"counter\">100\t\t\t\t\t\t   <\/span>\r\n\t\t\t\t\t\t    \r\n\t\t\t\t\t    <\/div>\r\n\t\t\t\t\t\t<h3 class=\"wpsm_count-title\" #000000> DIPENDENTI<\/h3>\r\n\t\t\t\t\t\t \r\n\t\t\t\t\t<\/div>\r\n\t\t\t\t<\/div>\r\n\t\t\t\t\t\t<\/div>\r\n\t\t\t<div class=\"wpsm_row\">\r\n\t\t\t\t\t\t\t\t<div class=\"wpsm_col-md-12 wpsm_col-sm-6\">\r\n\t\t\t\t\t<div class=\"wpsm_counterbox\">\r\n\t\t\t\t\t\t\t\t\t\t\t\t<div class=\"wpsm_number\" style=\"#000000\" >\r\n\t\t\t\t\t\t   <span class=\"counter\">15000\t\t\t\t\t\t   <\/span>\r\n\t\t\t\t\t\t    \r\n\t\t\t\t\t    <\/div>\r\n\t\t\t\t\t\t<h3 class=\"wpsm_count-title\" #000000> MQ DI CAPANNONI INDUSTRIALI<\/h3>\r\n\t\t\t\t\t\t \r\n\t\t\t\t\t<\/div>\r\n\t\t\t\t<\/div>\r\n\t\t\t\t\t\t<\/div>\r\n\t\t\t<div class=\"wpsm_row\">\r\n\t\t\t\t\t\t\t\t<div class=\"wpsm_col-md-12 wpsm_col-sm-6\">\r\n\t\t\t\t\t<div class=\"wpsm_counterbox\">\r\n\t\t\t\t\t\t\t\t\t\t\t\t<div class=\"wpsm_number\" style=\"#000000\" >\r\n\t\t\t\t\t\t   <span class=\"counter\">1500\t\t\t\t\t\t   <\/span>\r\n\t\t\t\t\t\t    \r\n\t\t\t\t\t    <\/div>\r\n\t\t\t\t\t\t<h3 class=\"wpsm_count-title\" #000000> MC DI ESSICATOI<\/h3>\r\n\t\t\t\t\t\t \r\n\t\t\t\t\t<\/div>\r\n\t\t\t\t<\/div>\r\n\t\t\t\t\t\t<\/div>\r\n\t\t\t<div class=\"wpsm_row\">\r\n\t\t\t\t\t\t\r\n\t\t\t<\/div>\t\t\t\t<\/div>\r\n\t\t<\/div>\r\n\t\t\r\n\t[\/vc_column_text][\/vc_column][\/vc_row][vc_row parallax=&#8221;content-moving&#8221; parallax_image=&#8221;72120&#8243; type=&#8221;full_page_width_inner_container&#8221; css=&#8221;.vc_custom_1540306978855{padding-top: 50px !important;padding-bottom: 50px !important;background-position: center;background-repeat: no-repeat !important;background-size: cover !important;}&#8221;][vc_column width=&#8221;1\/4&#8243;][\/vc_column][vc_column width=&#8221;1\/2&#8243;][vc_column_text el_class=&#8221;white-text&#8221;]<\/p>\n<h1 style=\"text-align: center; font-weight: 400;\">I PRODOTTI<\/h1>\n<h5 style=\"text-align: center; margin-top: 0;\">Per conoscere nel dettaglio la produzione LIPA,<br \/>\nclicca sul logo qui sotto:<\/h5>\n<p>[\/vc_column_text][vc_single_image image=&#8221;72373&#8243; img_size=&#8221;full&#8221; alignment=&#8221;center&#8221; onclick=&#8221;custom_link&#8221; img_link_target=&#8221;_blank&#8221; link=&#8221;https:\/\/www.lipadrvo.com\/it\/prodotti\/&#8221;][\/vc_column][vc_column width=&#8221;1\/4&#8243;][\/vc_column][\/vc_row]<\/p>\n<\/div>","protected":false},"excerpt":{"rendered":"<p>[vc_row type=&#8221;container&#8221; css=&#8221;.vc_custom_1529648625696{padding-top: 40px !important;padding-bottom: 20px !important;}&#8221;][vc_column width=&#8221;1\/2&#8243;][vc_column_text css=&#8221;&#8221;] Lipa: qualit\u00e0 e sostenibilit\u00e0 dal cuore della Bosnia Nata nel 2000 a Omarska, in Bosnia, Lipa si trova in una delle regioni pi\u00f9 rinomate al mondo per la produzione di tavolame di faggio. [\/vc_column_text][vc_btn title=&#8221;Visita il sito LIPA&#8221; style=&#8221;custom&#8221; custom_background=&#8221;#cf112d&#8221; custom_text=&#8221;#ffffff&#8221; i_icon_fontawesome=&#8221;fa fa-globe&#8221; add_icon=&#8221;true&#8221; link=&#8221;url:https%3A%2F%2Fwww.lipadrvo.com%2F||target:%20_blank|&#8221; el_class=&#8221;bt-sito&#8221;][\/vc_column][vc_column [&hellip;]<\/p>\n","protected":false},"author":1,"featured_media":71209,"parent":71458,"menu_order":0,"comment_status":"closed","ping_status":"closed","template":"page-full-width.php","meta":[],"acf":[],"_links":{"self":[{"href":"https:\/\/www.coratimberindustries.com\/it\/wp-json\/wp\/v2\/pages\/71315"}],"collection":[{"href":"https:\/\/www.coratimberindustries.com\/it\/wp-json\/wp\/v2\/pages"}],"about":[{"href":"https:\/\/www.coratimberindustries.com\/it\/wp-json\/wp\/v2\/types\/page"}],"author":[{"embeddable":true,"href":"https:\/\/www.coratimberindustries.com\/it\/wp-json\/wp\/v2\/users\/1"}],"replies":[{"embeddable":true,"href":"https:\/\/www.coratimberindustries.com\/it\/wp-json\/wp\/v2\/comments?post=71315"}],"version-history":[{"count":54,"href":"https:\/\/www.coratimberindustries.com\/it\/wp-json\/wp\/v2\/pages\/71315\/revisions"}],"predecessor-version":[{"id":73138,"href":"https:\/\/www.coratimberindustries.com\/it\/wp-json\/wp\/v2\/pages\/71315\/revisions\/73138"}],"up":[{"embeddable":true,"href":"https:\/\/www.coratimberindustries.com\/it\/wp-json\/wp\/v2\/pages\/71458"}],"wp:featuredmedia":[{"embeddable":true,"href":"https:\/\/www.coratimberindustries.com\/it\/wp-json\/wp\/v2\/media\/71209"}],"wp:attachment":[{"href":"https:\/\/www.coratimberindustries.com\/it\/wp-json\/wp\/v2\/media?parent=71315"}],"curies":[{"name":"wp","href":"https:\/\/api.w.org\/{rel}","templated":true}]}}