{"id":71244,"date":"2018-06-18T06:03:37","date_gmt":"2018-06-18T06:03:37","guid":{"rendered":"https:\/\/www.coratimberindustries.com\/?page_id=71244"},"modified":"2025-02-07T17:07:33","modified_gmt":"2025-02-07T15:07:33","slug":"chi-siamo","status":"publish","type":"page","link":"https:\/\/www.coratimberindustries.com\/it\/chi-siamo\/","title":{"rendered":"Chi siamo"},"content":{"rendered":"<div class=\"wpb-content-wrapper\"><p>[vc_row type=&#8221;container&#8221; padding_top=&#8221;&#8221; padding_bottom=&#8221;&#8221; css=&#8221;.vc_custom_1458057033586{margin-bottom: 0px !important;}&#8221;][vc_column][vc_column_text css=&#8221;&#8221;]<\/p>\n<h4>Cor\u00e0 Timber Industries: la storia del legno si evolve con noi<\/h4>\n<p>[\/vc_column_text][\/vc_column][\/vc_row][vc_row type=&#8221;container&#8221; css=&#8221;.vc_custom_1529331825289{margin-bottom: 20px !important;}&#8221;][vc_column][vc_separator color=&#8221;#eeeeee&#8221; type=&#8221;normal&#8221; thickness=&#8221;1&#8243; up=&#8221;&#8221; down=&#8221;&#8221;][\/vc_column][\/vc_row][vc_row type=&#8221;container&#8221; css=&#8221;.vc_custom_1459267838981{padding-top: 3px !important;}&#8221;][vc_column width=&#8221;1\/2&#8243;][vc_column_text css=&#8221;&#8221;]Con sede a Vicenza, citt\u00e0 patrimonio UNESCO, Cor\u00e0 Timber Industries \u00e8 un network internazionale che opera nel settore del legno. L\u2019 esperienza centenaria si fonde con una visione innovativa, per offrire ai <b>nostri partner-clienti, importatori e commercianti di legname di tutto il mondo<\/b>, un servizio di eccellenza.<\/p>\n<h2 class=\"western\">Radici solide, sguardo al futuro.<\/h2>\n<p>Dalla storica unit\u00e0 produttiva LIPA DRVO in Bosnia Erzegovina alla societ\u00e0 di trading CORA\u2019 HARDWOOD COMPANY in Croazia, lavoriamo con passione per <b>trasformare le pregiate latifoglie europee in prodotti di alta qualit\u00e0.<\/b><\/p>\n<p>Il nostro impegno si identifica:<\/p>\n<p><b style=\"font-size: 20px;\">\u2022 Valorizzazione delle persone<\/b><br \/>\nIl Team \u00e8 il cuore pulsante di Cor\u00e0 Timber Industries per questo valorizziamo la professionalit\u00e0, la seriet\u00e0 e la passione di ogni collaboratore e artigiano, perch\u00e9 crediamo che il successo dell&#8217;azienda dipenda dal talento e dalla dedizione delle persone.<\/p>\n<p><b style=\"font-size: 20px;\">\u2022 Rispetto dell&#8217;ambiente<\/b><br \/>\nOperiamo con attenzione alla sostenibilit\u00e0 ambientale in ogni fase della produzione. Per questo, ci impegniamo a <b>salvaguardare le risorse forestali<\/b>, rispettando le normative e collaborando con fornitori certificati FSC\u00ae. Promuoviamo l&#8217;uso responsabile del legno, perch\u00e9 la sostenibilit\u00e0 ambientale \u00e8 parte integrante della nostra filosofia.<\/p>\n<p><b style=\"font-size: 20px;\">\u2022 Garantire efficienza e sicurezza<\/b><br \/>\nPianifichiamo la logistica per raggiungere i mercati internazionali in modo rapido ed efficace. Selezioniamo con cura la materia prima e garantiamo <b>standard elevati in ogni fase del processo<\/b>, per offrire un&#8217;esperienza sicura e di valore.<\/p>\n<p><b style=\"font-size: 20px;\">\u2022 Offrire un servizio completo<\/b><br \/>\nForniamo consulenza, supporto e assistenza ai nostri clienti per l\u2019importazione e il commercio del legname. Ma vogliamo essere pi\u00f9 che semplici fornitori: desideriamo essere <b style=\"font-size: 16px;\">partner dei nostri clienti, offrendo loro supporto e affiancandoli nelle sfide del mercato globale.<\/b><br \/>\n<b>Cor\u00e0 Timber Industries: sinonimo di professionalit\u00e0, seriet\u00e0 e qualit\u00e0.<\/b>[\/vc_column_text][\/vc_column][vc_column width=&#8221;1\/2&#8243;][vc_single_image image=&#8221;73008&#8243; img_size=&#8221;full&#8221; alignment=&#8221;center&#8221; css=&#8221;&#8221;][\/vc_column][\/vc_row][vc_row full_width=&#8221;stretch_row&#8221; type=&#8221;container&#8221; css=&#8221;.vc_custom_1735398189271{border-top-width: 2px !important;padding-top: 15px !important;padding-bottom: 40px !important;background-color: #f2f2f2 !important;border-top-style: none !important;border-color: #cf112d !important;}&#8221;][vc_column css=&#8221;.vc_custom_1458060471484{padding-top: 2px !important;}&#8221;][vc_column_text css=&#8221;&#8221;]<\/p>\n<h2 style=\"text-align: center; font-weight: 800;\">MISSION<\/h2>\n<p style=\"text-align: center !important; font-size: 28px; line-height: 35px;\">La mission di Cor\u00e0 Timber Industries \u00e8 rappresentata<br \/>\nda QUATTRO importanti focus:<\/p>\n<p>[\/vc_column_text][\/vc_column][\/vc_row][vc_row full_width=&#8221;stretch_row&#8221; equal_height=&#8221;yes&#8221; content_placement=&#8221;middle&#8221; type=&#8221;container&#8221; css=&#8221;.vc_custom_1529332479107{background-color: #f2f2f2 !important;}&#8221;][vc_column width=&#8221;1\/4&#8243;][vc_single_image image=&#8221;72969&#8243; img_size=&#8221;full&#8221; alignment=&#8221;center&#8221; css=&#8221;&#8221;][vc_column_text css=&#8221;&#8221;]<\/p>\n<h5 style=\"color: #cf112d;\">Consapevolezza<\/h5>\n<p>Salvaguardare la risorsa forestale, rispettare le normative vigenti, sostenere i fornitori in regola, promuovere i prodotti certificati FSC\u00ae. In un unico pensiero, considerare il patrimonio boschivo una preziosa eredit\u00e0 da tramandare ai nostri figli[\/vc_column_text][\/vc_column][vc_column width=&#8221;1\/4&#8243;][vc_single_image image=&#8221;72967&#8243; img_size=&#8221;full&#8221; alignment=&#8221;center&#8221; css=&#8221;&#8221;][vc_column_text css=&#8221;&#8221;]<\/p>\n<h5 style=\"color: #cf112d;\">Sicurezza<\/h5>\n<p>Offrire ai clienti internazionali una gamma di prodotti di selezionata qualit\u00e0 e affidabilit\u00e0 con servizi qualificanti ad alto valore aggiunto[\/vc_column_text][\/vc_column][vc_column width=&#8221;1\/4&#8243;][vc_single_image image=&#8221;72973&#8243; img_size=&#8221;full&#8221; alignment=&#8221;center&#8221; css=&#8221;&#8221;][vc_column_text css=&#8221;&#8221;]<\/p>\n<h5 style=\"color: #cf112d;\">Squadra<\/h5>\n<p>Valorizzare i valori di credibilit\u00e0 e seriet\u00e0 come patrimonio storico dell\u2019azienda e personale di tutti i preziosi e insostituibili collaboratori[\/vc_column_text][\/vc_column][vc_column width=&#8221;1\/4&#8243;][vc_single_image image=&#8221;72971&#8243; img_size=&#8221;full&#8221; alignment=&#8221;center&#8221; css=&#8221;&#8221;][vc_column_text css=&#8221;&#8221;]<\/p>\n<h5 style=\"color: #cf112d;\">Supporto<\/h5>\n<p>Essere e sentirsi partner della nostra clientela in un mondo i cui scenari sono in rapida e globale evoluzione[\/vc_column_text][\/vc_column][\/vc_row][vc_row full_width=&#8221;stretch_row&#8221; type=&#8221;container&#8221; css=&#8221;.vc_custom_1735635328237{border-top-width: 2px !important;padding-top: 15px !important;padding-bottom: 40px !important;background-color: #FFFFFF !important;border-top-style: none !important;border-color: #cf112d !important;}&#8221;][vc_column css=&#8221;.vc_custom_1458060471484{padding-top: 2px !important;}&#8221;][vc_column_text css=&#8221;&#8221;]<\/p>\n<h2 style=\"text-align: center; font-weight: 800;\">TEAM<\/h2>\n<p style=\"text-align: center !important; font-size: 28px; line-height: 35px;\">Esperienza e passione al servizio del legno<\/p>\n<p>[\/vc_column_text][\/vc_column][\/vc_row][vc_row full_width=&#8221;stretch_row&#8221; equal_height=&#8221;yes&#8221; content_placement=&#8221;middle&#8221; type=&#8221;container&#8221; css=&#8221;.vc_custom_1735635434746{background-color: #FFFFFF !important;}&#8221;][vc_column width=&#8221;1\/2&#8243;][vc_column_text css=&#8221;&#8221;]<span style=\"color: #000000;\">In Cor\u00e0 Timber Industries, <b>l&#8217;eccellenza dei nostri prodotti nasce dalla sinergia tra un management italiano di alto livello e la passione dei nostri collaboratori<\/b>. <\/span><\/p>\n<p><span style=\"color: #000000;\">Un team esperto e dinamico, con una profonda conoscenza del settore del legno, lavora ogni giorno per garantire la massima qualit\u00e0 e soddisfare le esigenze dei clienti internazionali.<\/span>[\/vc_column_text][\/vc_column][vc_column width=&#8221;1\/2&#8243;][vc_single_image image=&#8221;73016&#8243; img_size=&#8221;full&#8221; alignment=&#8221;center&#8221; css=&#8221;&#8221;][\/vc_column][\/vc_row][vc_row full_width=&#8221;stretch_row&#8221; type=&#8221;container&#8221; css=&#8221;.vc_custom_1735635819242{border-top-width: 2px !important;padding-top: 15px !important;padding-bottom: 0px !important;background-color: #FFFFFF !important;border-top-style: none !important;border-color: #cf112d !important;}&#8221;][vc_column css=&#8221;.vc_custom_1458060471484{padding-top: 2px !important;}&#8221;][vc_column_text css=&#8221;&#8221;]<\/p>\n<h2 style=\"text-align: center; font-weight: 800;\">MANAGEMENT<\/h2>\n<p style=\"text-align: center !important; font-size: 28px; line-height: 30px;\">Una mente organizzativa italiana al servizio delle unit\u00e0 produttive<\/p>\n<p style=\"text-align: center !important; font-size: 28px; line-height: 30px;\">estere per fornire migliori prodotti di European Hardwoods.<\/p>\n<p>[\/vc_column_text][vc_single_image image=&#8221;72686&#8243; img_size=&#8221;full&#8221; css=&#8221;&#8221;][\/vc_column][\/vc_row][vc_row equal_height=&#8221;yes&#8221; content_placement=&#8221;middle&#8221; type=&#8221;container&#8221; css=&#8221;.vc_custom_1735635772593{background-color: #FFFFFF !important;}&#8221;][vc_column width=&#8221;1\/2&#8243;][vc_column_text css=&#8221;&#8221;]<\/p>\n<h3 style=\"font-size: 25px; font-weight: bold;\">Domenico Cor\u00e0<\/h3>\n<p style=\"color: gray; font-weight: 800;\">CEO<\/p>\n<p><span style=\"color: #000000;\"><b>Domenico Cor\u00e0<\/b>, <b>Presidente e Amministratore Delegato di <\/b><b>Cor\u00e0 Timber Industries<\/b>, guida l&#8217;azienda con una visione chiara: creare un ambiente di lavoro stimolante e collaborativo, dove ogni persona possa esprimere il proprio potenziale. Crede nel dialogo costruttivo e nel confronto continuo, per raggiungere gli obiettivi aziendali e affrontare le sfide del futuro.<\/span><\/p>\n<p><span style=\"color: #000000;\"><b>Punti di forza dell&#8217;azienda secondo Domenico Cor\u00e0:<\/b><\/span><\/p>\n<ul>\n<li><span style=\"color: #000000;\"><b>Risorse umane di valore:<\/b> persone capaci, dinamiche e appassionate, che interagendo tra di loro contribuiscono al successo dell&#8217;azienda.<\/span><\/li>\n<li><span style=\"color: #000000;\"><b>Presenza strategica:<\/b> unit\u00e0 produttive situate nei luoghi d&#8217;origine del legname, garantendo una gamma di prodotti completa e di alta e costante qualit\u00e0.<\/span><\/li>\n<li><span style=\"color: #000000;\"><b>Valori fondamentali:<\/b> storia, credibilit\u00e0, competenza e seriet\u00e0.<\/span><\/li>\n<\/ul>\n<p>[\/vc_column_text][\/vc_column][vc_column width=&#8221;1\/2&#8243;][vc_column_text css=&#8221;&#8221;]<\/p>\n<h3 style=\"font-size: 25px; font-weight: bold;\">Marco Favaro<\/h3>\n<p style=\"color: gray; font-weight: 800;\">Sales Manager<\/p>\n<p><span style=\"color: #000000;\"><b>Marco Favaro, Sales <\/b><b>Manager <\/b><b>del Gruppo<\/b>, gestisce i clienti direzionali e coordina la rete vendita e si occupa della pianificazione commerciale. Il suo obiettivo \u00e8 consolidare la presenza del brand Cor\u00e0 Timber Industries a livello globale, garantendo sicurezza, qualit\u00e0 e affidabilit\u00e0 ai clienti-partner.<\/span><\/p>\n<p><span style=\"color: #000000;\"><b>Punti di forza dell&#8217;azienda secondo Marco Favaro:<\/b><\/span><\/p>\n<ul>\n<li><span style=\"color: #000000;\"><b>Flessibilit\u00e0<\/b>: una struttura agile che permette di rispondere rapidamente alle esigenze del mercato.<\/span><\/li>\n<li><span style=\"color: #000000;\"><b>Brand<\/b>: un marchio riconosciuto a livello internazionale, sinonimo di qualit\u00e0 e affidabilit\u00e0.<\/span><\/li>\n<li><span style=\"color: #000000;\"><b>Eccellenza nella produzione<\/b>: tecnologie avanzate e know-how specializzato per garantire prodotti di alta qualit\u00e0.<\/span><\/li>\n<\/ul>\n<p>[\/vc_column_text][\/vc_column][\/vc_row]<\/p>\n<\/div>","protected":false},"excerpt":{"rendered":"<p>[vc_row type=&#8221;container&#8221; padding_top=&#8221;&#8221; padding_bottom=&#8221;&#8221; css=&#8221;.vc_custom_1458057033586{margin-bottom: 0px !important;}&#8221;][vc_column][vc_column_text css=&#8221;&#8221;] Cor\u00e0 Timber Industries: la storia del legno si evolve con noi [\/vc_column_text][\/vc_column][\/vc_row][vc_row type=&#8221;container&#8221; css=&#8221;.vc_custom_1529331825289{margin-bottom: 20px !important;}&#8221;][vc_column][vc_separator color=&#8221;#eeeeee&#8221; type=&#8221;normal&#8221; thickness=&#8221;1&#8243; up=&#8221;&#8221; down=&#8221;&#8221;][\/vc_column][\/vc_row][vc_row type=&#8221;container&#8221; css=&#8221;.vc_custom_1459267838981{padding-top: 3px !important;}&#8221;][vc_column width=&#8221;1\/2&#8243;][vc_column_text css=&#8221;&#8221;]Con sede a Vicenza, citt\u00e0 patrimonio UNESCO, Cor\u00e0 Timber Industries \u00e8 un network internazionale che opera nel settore del legno. L\u2019 [&hellip;]<\/p>\n","protected":false},"author":1,"featured_media":71209,"parent":0,"menu_order":0,"comment_status":"closed","ping_status":"closed","template":"page-full-width.php","meta":[],"acf":[],"_links":{"self":[{"href":"https:\/\/www.coratimberindustries.com\/it\/wp-json\/wp\/v2\/pages\/71244"}],"collection":[{"href":"https:\/\/www.coratimberindustries.com\/it\/wp-json\/wp\/v2\/pages"}],"about":[{"href":"https:\/\/www.coratimberindustries.com\/it\/wp-json\/wp\/v2\/types\/page"}],"author":[{"embeddable":true,"href":"https:\/\/www.coratimberindustries.com\/it\/wp-json\/wp\/v2\/users\/1"}],"replies":[{"embeddable":true,"href":"https:\/\/www.coratimberindustries.com\/it\/wp-json\/wp\/v2\/comments?post=71244"}],"version-history":[{"count":68,"href":"https:\/\/www.coratimberindustries.com\/it\/wp-json\/wp\/v2\/pages\/71244\/revisions"}],"predecessor-version":[{"id":73135,"href":"https:\/\/www.coratimberindustries.com\/it\/wp-json\/wp\/v2\/pages\/71244\/revisions\/73135"}],"wp:featuredmedia":[{"embeddable":true,"href":"https:\/\/www.coratimberindustries.com\/it\/wp-json\/wp\/v2\/media\/71209"}],"wp:attachment":[{"href":"https:\/\/www.coratimberindustries.com\/it\/wp-json\/wp\/v2\/media?parent=71244"}],"curies":[{"name":"wp","href":"https:\/\/api.w.org\/{rel}","templated":true}]}}