{"id":70696,"date":"2016-03-25T15:51:20","date_gmt":"2016-03-25T13:51:20","guid":{"rendered":"http:\/\/fintech.commercegurus.com\/?page_id=70696"},"modified":"2018-11-26T18:32:20","modified_gmt":"2018-11-26T16:32:20","slug":"faggio","status":"publish","type":"page","link":"https:\/\/www.coratimberindustries.com\/it\/brand\/lipa\/prodotti\/faggio\/","title":{"rendered":"Faggio"},"content":{"rendered":"<div class=\"wpb-content-wrapper\"><p>[vc_row type=&#8221;container&#8221;][vc_column width=&#8221;3\/4&#8243;][vc_column_text css=&#8221;.vc_custom_1539698213103{margin-bottom: -10px !important;}&#8221;]<\/p>\n<h1 style=\"text-align: left;\">Faggio<\/h1>\n<p>[\/vc_column_text][vc_column_text]<\/p>\n<h4 style=\"text-align: left;\"><span style=\"color: #999999;\">Prodotti LIPA<br \/>\n<\/span><\/h4>\n<p>[\/vc_column_text][\/vc_column][vc_column width=&#8221;1\/4&#8243;][vc_single_image image=&#8221;71804&#8243; img_size=&#8221;full&#8221;][\/vc_column][\/vc_row][vc_row type=&#8221;container&#8221; el_class=&#8221;contained&#8221;][vc_column][vc_separator color=&#8221;#eeeeee&#8221; type=&#8221;normal&#8221; thickness=&#8221;1&#8243; up=&#8221;&#8221; down=&#8221;30&#8243;][\/vc_column][\/vc_row][vc_row type=&#8221;container&#8221;][vc_column width=&#8221;1\/2&#8243;][vc_column_text]<\/p>\n<h3>DESCRIZIONE GENERALE<\/h3>\n<p>Il colore del faggio \u00e8 bruno roseo chiaro. La tessitura \u00e8 fine e la fibratura per lo pi\u00f9 dritta.<br \/>\n<strong>Impieghi<\/strong>:\u00a0mobili, sedie e arredamento di vario tipo; pannelli, sagome curvate e compensati.<br \/>\n<strong>Uso<\/strong>:\u00a0interno[\/vc_column_text][\/vc_column][vc_column width=&#8221;1\/2&#8243;][vc_column_text]<\/p>\n<h3>INFORMAZIONI TECNICHE<\/h3>\n<p><strong>Origine<\/strong>: Bosnia<br \/>\n<strong>Produzione<\/strong>: Essiccato ( KD) 12+\/-2%, piallato sui fianchi, leggermente evaporato (8 ore)<br \/>\n<strong>Spessori<\/strong>: 26mm \u2013 32mm* \u2013 38mm \u2013 50mm \u2013 60mm* (spessori reali di acquisto dopo essicazione KD)<\/p>\n<p>*Prodotto soggetto a disponibilit\u00e0[\/vc_column_text][\/vc_column][\/vc_row][vc_row type=&#8221;container&#8221;][vc_column][vc_column_text css=&#8221;.vc_custom_1540151564756{margin-bottom: 10px !important;}&#8221;]<\/p>\n<h3>A GRADE<\/h3>\n<p>[\/vc_column_text][vc_separator color=&#8221;#999999&#8243; type=&#8221;normal&#8221; thickness=&#8221;1&#8243; up=&#8221;&#8221; down=&#8221;30&#8243;][vc_row_inner][vc_column_inner width=&#8221;1\/6&#8243;][vc_single_image image=&#8221;71968&#8243; img_size=&#8221;full&#8221; style=&#8221;zoooom&#8221; onclick=&#8221;link_image&#8221; css=&#8221;.vc_custom_1540151594604{margin-bottom: 22px !important;}&#8221;][vc_column_text]<\/p>\n<p style=\"text-align: center;\"><span style=\"color: #999999;\">fronte<\/span><\/p>\n<p>[\/vc_column_text][\/vc_column_inner][vc_column_inner width=&#8221;1\/6&#8243;][vc_single_image image=&#8221;71970&#8243; img_size=&#8221;full&#8221; style=&#8221;zoooom&#8221; onclick=&#8221;link_image&#8221; css=&#8221;.vc_custom_1540151620526{margin-bottom: 22px !important;}&#8221;][vc_column_text]<\/p>\n<p style=\"text-align: center;\"><span style=\"color: #999999;\">retro<\/span><\/p>\n<p>[\/vc_column_text][\/vc_column_inner][vc_column_inner width=&#8221;2\/3&#8243;][vc_column_text]<strong>Qualit\u00e0<\/strong>:\u00a090% 4 facce nette 10% 3 facce nette<br \/>\n<strong>Spessore<\/strong>: 26\/32\/38\/50\/60 mm<br \/>\n<strong>Lunghezza<\/strong>: 2100mm e pi\u00f9<br \/>\n<strong>Larghezza<\/strong>:\u00a0120mm e pi\u00f9 (10% da 100 a 110mm)<\/p>\n<p><strong>Varianti disponibili<\/strong>: Corto (1000-2000mm) \/ Super Corto (300-900mm)[\/vc_column_text][\/vc_column_inner][\/vc_row_inner][\/vc_column][\/vc_row][vc_row type=&#8221;container&#8221;][vc_column][vc_column_text css=&#8221;.vc_custom_1540152115165{margin-bottom: 10px !important;}&#8221;]<\/p>\n<h3>B GRADE<\/h3>\n<p>[\/vc_column_text][vc_separator color=&#8221;#999999&#8243; type=&#8221;normal&#8221; thickness=&#8221;1&#8243; up=&#8221;&#8221; down=&#8221;30&#8243;][vc_row_inner][vc_column_inner width=&#8221;1\/6&#8243;][vc_single_image image=&#8221;71956&#8243; img_size=&#8221;full&#8221; style=&#8221;zoooom&#8221; onclick=&#8221;link_image&#8221; css=&#8221;.vc_custom_1540152138701{margin-bottom: 22px !important;}&#8221;][vc_column_text]<\/p>\n<p style=\"text-align: center;\"><span style=\"color: #999999;\">fronte<\/span><\/p>\n<p>[\/vc_column_text][\/vc_column_inner][vc_column_inner width=&#8221;1\/6&#8243;][vc_single_image image=&#8221;71958&#8243; img_size=&#8221;full&#8221; style=&#8221;zoooom&#8221; onclick=&#8221;link_image&#8221; css=&#8221;.vc_custom_1540152155675{margin-bottom: 22px !important;}&#8221;][vc_column_text]<\/p>\n<p style=\"text-align: center;\"><span style=\"color: #999999;\">retro<\/span><\/p>\n<p>[\/vc_column_text][\/vc_column_inner][vc_column_inner width=&#8221;2\/3&#8243;][vc_column_text]<strong>Qualit\u00e0<\/strong>: 100% 3 facce nette<br \/>\n<strong>Spessore<\/strong>: 38\/50 mm<br \/>\n<strong>Lunghezza<\/strong>: 2100 mm e pi\u00f9<br \/>\n<strong>Larghezza<\/strong>: 120mm e pi\u00f9 con 10% da 100 a 110mm[\/vc_column_text][\/vc_column_inner][\/vc_row_inner][\/vc_column][\/vc_row][vc_row type=&#8221;container&#8221;][vc_column][vc_column_text css=&#8221;.vc_custom_1540186120332{margin-bottom: 10px !important;}&#8221;]<\/p>\n<h3>INDUSTRIAL<\/h3>\n<p>[\/vc_column_text][vc_separator color=&#8221;#999999&#8243; type=&#8221;normal&#8221; thickness=&#8221;1&#8243; up=&#8221;&#8221; down=&#8221;30&#8243;][vc_row_inner][vc_column_inner width=&#8221;1\/6&#8243;][vc_single_image image=&#8221;71972&#8243; img_size=&#8221;full&#8221; style=&#8221;zoooom&#8221; onclick=&#8221;link_image&#8221; css=&#8221;.vc_custom_1540186141989{margin-bottom: 22px !important;}&#8221;][vc_column_text]<\/p>\n<p style=\"text-align: center;\"><span style=\"color: #999999;\">fronte<\/span><\/p>\n<p>[\/vc_column_text][\/vc_column_inner][vc_column_inner width=&#8221;1\/6&#8243;][vc_single_image image=&#8221;71974&#8243; img_size=&#8221;full&#8221; style=&#8221;zoooom&#8221; onclick=&#8221;link_image&#8221; css=&#8221;.vc_custom_1540186158150{margin-bottom: 22px !important;}&#8221;][vc_column_text]<\/p>\n<p style=\"text-align: center;\"><span style=\"color: #999999;\">retro<\/span><\/p>\n<p>[\/vc_column_text][\/vc_column_inner][vc_column_inner width=&#8221;2\/3&#8243;][vc_column_text]<strong>Qualit\u00e0<\/strong>: nodi su entrambe le facce con presenza di cuore sano<br \/>\n<strong>Spessore<\/strong>: 26\/38\/50 mm<br \/>\n<strong>Lunghezza<\/strong>: 2100 mm e pi\u00f9<br \/>\n<strong>Larghezza<\/strong>: 120mm e pi\u00f9 con 10% da 100 a 110mm[\/vc_column_text][\/vc_column_inner][\/vc_row_inner][\/vc_column][\/vc_row][vc_row type=&#8221;container&#8221;][vc_column][vc_btn title=&#8221;Torna indietro&#8221; style=&#8221;custom&#8221; custom_background=&#8221;#cf112d&#8221; custom_text=&#8221;#ffffff&#8221; size=&#8221;sm&#8221; align=&#8221;center&#8221; link=&#8221;url:%2Fit%2Fbrand%2Flipa%2Fprodotti%2F|||&#8221;][\/vc_column][\/vc_row]<\/p>\n<\/div>","protected":false},"excerpt":{"rendered":"<p>[vc_row type=&#8221;container&#8221;][vc_column width=&#8221;3\/4&#8243;][vc_column_text css=&#8221;.vc_custom_1539698213103{margin-bottom: -10px !important;}&#8221;] Faggio [\/vc_column_text][vc_column_text] Prodotti LIPA [\/vc_column_text][\/vc_column][vc_column width=&#8221;1\/4&#8243;][vc_single_image image=&#8221;71804&#8243; img_size=&#8221;full&#8221;][\/vc_column][\/vc_row][vc_row type=&#8221;container&#8221; el_class=&#8221;contained&#8221;][vc_column][vc_separator color=&#8221;#eeeeee&#8221; type=&#8221;normal&#8221; thickness=&#8221;1&#8243; up=&#8221;&#8221; down=&#8221;30&#8243;][\/vc_column][\/vc_row][vc_row type=&#8221;container&#8221;][vc_column width=&#8221;1\/2&#8243;][vc_column_text] DESCRIZIONE GENERALE Il colore del faggio \u00e8 bruno roseo chiaro. La tessitura \u00e8 fine e la fibratura per lo pi\u00f9 dritta. Impieghi:\u00a0mobili, sedie e arredamento di vario tipo; pannelli, sagome curvate e [&hellip;]<\/p>\n","protected":false},"author":1,"featured_media":0,"parent":71791,"menu_order":0,"comment_status":"closed","ping_status":"closed","template":"page-full-width.php","meta":[],"acf":[],"_links":{"self":[{"href":"https:\/\/www.coratimberindustries.com\/it\/wp-json\/wp\/v2\/pages\/70696"}],"collection":[{"href":"https:\/\/www.coratimberindustries.com\/it\/wp-json\/wp\/v2\/pages"}],"about":[{"href":"https:\/\/www.coratimberindustries.com\/it\/wp-json\/wp\/v2\/types\/page"}],"author":[{"embeddable":true,"href":"https:\/\/www.coratimberindustries.com\/it\/wp-json\/wp\/v2\/users\/1"}],"replies":[{"embeddable":true,"href":"https:\/\/www.coratimberindustries.com\/it\/wp-json\/wp\/v2\/comments?post=70696"}],"version-history":[{"count":20,"href":"https:\/\/www.coratimberindustries.com\/it\/wp-json\/wp\/v2\/pages\/70696\/revisions"}],"predecessor-version":[{"id":72413,"href":"https:\/\/www.coratimberindustries.com\/it\/wp-json\/wp\/v2\/pages\/70696\/revisions\/72413"}],"up":[{"embeddable":true,"href":"https:\/\/www.coratimberindustries.com\/it\/wp-json\/wp\/v2\/pages\/71791"}],"wp:attachment":[{"href":"https:\/\/www.coratimberindustries.com\/it\/wp-json\/wp\/v2\/media?parent=70696"}],"curies":[{"name":"wp","href":"https:\/\/api.w.org\/{rel}","templated":true}]}}