{"id":12,"date":"2016-03-01T14:58:37","date_gmt":"2016-03-01T14:58:37","guid":{"rendered":"http:\/\/localhost\/fintech\/?page_id=12"},"modified":"2025-02-07T13:58:43","modified_gmt":"2025-02-07T11:58:43","slug":"home","status":"publish","type":"page","link":"https:\/\/www.coratimberindustries.com\/it\/","title":{"rendered":"Home"},"content":{"rendered":"<div class=\"wpb-content-wrapper\"><p>[vc_row type=&#8221;full_page_width&#8221;][vc_column css=&#8221;.vc_custom_1459519895642{margin-bottom: 0px !important;padding-right: 0px !important;padding-left: 0px !important;}&#8221;][layerslider_vc id=&#8221;4&#8243;][\/vc_column][\/vc_row][vc_row type=&#8221;container&#8221; css=&#8221;.vc_custom_1459978406491{padding-top: 5px !important;}&#8221;][vc_column][vc_column_text]<\/p>\n<h2 style=\"text-align: center;\">Una <strong>presenza qualificata<\/strong> e un impegno costante nel settore del <strong>legno<\/strong> per offrire competenza e affidabilit\u00e0 al servizio dei clienti.<\/h2>\n<p>[\/vc_column_text][\/vc_column][\/vc_row][vc_row type=&#8221;container&#8221; css=&#8221;.vc_custom_1464192887517{margin-right: -15px !important;margin-left: -15px !important;padding-top: 20px !important;padding-bottom: 40px !important;}&#8221; el_class=&#8221;home-solutions-row&#8221;][vc_column width=&#8221;1\/3&#8243;][vc_single_image image=&#8221;72686&#8243; img_size=&#8221;600&#215;700&#8243; alignment=&#8221;center&#8221; onclick=&#8221;custom_link&#8221; css=&#8221;.vc_custom_1735590684298{margin-bottom: 20px !important;}&#8221; link=&#8221;\/it\/chi-siamo\/&#8221; el_class=&#8221;image-card&#8221;][vc_column_text css=&#8221;.vc_custom_1735590082833{margin-bottom: 7px !important;}&#8221;]<\/p>\n<h5><a href=\"\/it\/chi-siamo\/\">Cor\u00e0 Timber Industries: persone e relazioni al centro.<\/a><\/h5>\n<p>[\/vc_column_text][vc_column_text css=&#8221;&#8221;]Crediamo nel valore di ogni singolo collaboratore.<br \/>\nIn Cor\u00e0 Timber Industries, coltiviamo un ambiente dove la conoscenza, le capacit\u00e0 e l&#8217;esperienza di ognuno sono preziose e contribuiscono al successo e alla soddisfazione del cliente.[\/vc_column_text][\/vc_column][vc_column width=&#8221;1\/3&#8243;][vc_single_image image=&#8221;71338&#8243; img_size=&#8221;600&#215;700&#8243; alignment=&#8221;center&#8221; onclick=&#8221;custom_link&#8221; css=&#8221;.vc_custom_1735590688594{margin-bottom: 20px !important;}&#8221; link=&#8221;\/it\/rete-commerciale\/&#8221; el_class=&#8221;image-card&#8221;][vc_column_text css=&#8221;.vc_custom_1541511821342{margin-bottom: 7px !important;}&#8221;]<\/p>\n<h5><a href=\"\/it\/rete-commerciale\/\">BUSINESS<\/a><\/h5>\n<p>[\/vc_column_text][vc_column_text css=&#8221;&#8221;]In Cor\u00e0 Timber Industries, crediamo che le connessioni umane siano la vera forza di un&#8217;azienda.<br \/>\nIl nostro network di professionisti \u00e8 al servizio dei partner-clienti, per costruire relazioni solide e durature basate sulla fiducia e sulla collaborazione.[\/vc_column_text][\/vc_column][vc_column width=&#8221;1\/3&#8243;][vc_single_image image=&#8221;72995&#8243; img_size=&#8221;600&#215;700&#8243; alignment=&#8221;center&#8221; onclick=&#8221;custom_link&#8221; css=&#8221;.vc_custom_1738929511843{margin-bottom: 20px !important;}&#8221; link=&#8221;\/it\/storia\/&#8221; el_class=&#8221;image-card&#8221;][vc_column_text css=&#8221;.vc_custom_1735590115490{margin-bottom: 7px !important;}&#8221;]<\/p>\n<h5><a href=\"\/it\/storia\/\">STORIA<\/a><\/h5>\n<p>[\/vc_column_text][vc_column_text css=&#8221;&#8221;]Dott. Gianfranco Cor\u00e0, Cavaliere del Lavoro e pioniere del settore del legno. Cor\u00e0: oltre un secolo di storia e un impegno costante nel settore del legno, sinonimo di esperienza, affidabilit\u00e0 e dedizione al servizio dei clienti.[\/vc_column_text][\/vc_column][\/vc_row][vc_row parallax=&#8221;content-moving&#8221; parallax_image=&#8221;71209&#8243; type=&#8221;full_page_width_inner_container&#8221; css=&#8221;.vc_custom_1532332012021{padding-top: 80px !important;padding-bottom: 30px !important;background-color: #cf112d !important;background-position: center;background-repeat: no-repeat !important;background-size: cover !important;}&#8221;][vc_column css=&#8221;.vc_custom_1459978442061{margin-bottom: 30px !important;}&#8221;][vc_column_text]<style>\r\n\r\n#wpsm_counter_b_row_71423 .wpsm_counterbox\r\n{\r\n\ttext-align:center;\r\n\tmargin-top:50px;\r\n\tmargin-bottom:50px;\r\n}\r\n#wpsm_counter_b_row_71423 .wpsm_counterbox .wpsm_count-icon{\r\n\tdisplay:block;\r\n\tmargin-top:20px;\r\n\tpadding-top:0px;\r\n\tpadding-bottom:0px;\r\n\tmargin-bottom:0px;\r\n\tmargin:0 auto;\r\n}\r\n#wpsm_counter_b_row_71423 .wpsm_counterbox .wpsm_count-icon i{\r\n\tfont-size:20px;\r\n\tcolor:#ffffff;\r\n}\r\n#wpsm_counter_b_row_71423 .wpsm_counterbox .wpsm_number{\r\n\tfont-size:46px;\r\n\tfont-weight:400;\r\n\tcolor:#ffffff;\r\n\tfont-family:'Open Sans';\r\n\tletter-spacing:2px;\r\n\tmargin-top:20px;\r\n\tline-height: 1.3em;\r\n\tpadding-top:0px;\r\n\tpadding-bottom:0px;\r\n\tmargin-bottom:0px;\r\n}\r\n#wpsm_counter_b_row_71423 .wpsm_counterbox .wpsm_count-title{\r\n    font-size:22px;\r\n\tfont-weight:bolder;\r\n\tfont-family:'Open Sans';\r\n\tletter-spacing:2px;\r\n    color: #ffffff;\r\n\tfont-weight:400;\r\n\tmargin-top:20px;\r\n\tpadding-top:0px;\r\n\tpadding-bottom:0px;\r\n\tmargin-bottom:0px;\r\n\tline-height: 1.3em;\r\n}\r\n\r\n.wpsm_count-title {text-align:center;}\r\n.counter{font-weight: 800;}<\/style> \r\n\t\t \r\n\t\t\r\n\t\t<style>\r\n\t\t#wpsm_counter_b_row_71423\t\t\t{\r\n\t\t\t\t\r\n\t\t\t\tposition:relative;\r\n\t\t\t\twidth:100%;\r\n\t\t\t\toverflow:hidden;\r\n\t\t\t\ttext-align:center;\r\n\t\t\t}\r\n\t\t\t \r\n\t\t\t#wpsm_counter_b_row_71423 .wpsm_row{\r\n\t\t\toverflow:hidden;\r\n\t\t\tdisplay:block;\r\n\t\t\twidth:100%;\r\n\t\t\t} \r\n\t\t\t \r\n\t\t\t#wpsm_counter_b_row_71423 .wpsm_row{\r\n\t\t\toverflow:visible;\r\n\t\t\t} \r\n\t\t\t \r\n\t\t\t#wpsm_counter_b_row_71423 .wpsm_counterbox .wpsm_count-title{\r\n\t\t\tmin-height:56px;\r\n\t\t\t}}\r\n\t\t\t \r\n\t\t<\/style>\r\n\t\t\r\n\t\t<div class=\"wpsm_counter_b_row\" id=\"wpsm_counter_b_row_71423\">\r\n\t\t\t<div>\r\n\t\t\t\t<div class=\"wpsm_row\">\r\n\t\t\r\n\t\t\t\t\t\t<div class=\"wpsm_col-md-3 wpsm_col-sm-6\">\r\n\t\t\t\t\t<div class=\"wpsm_counterbox\">\r\n\t\t\t\t\t\t\t\t\t\t\t\t<div class=\"wpsm_number\" style=\"#ffffff\" >\r\n\t\t\t\t\t\t   <span class=\"counter\">100000\t\t\t\t\t\t   <\/span>\r\n\t\t\t\t\t\t    \r\n\t\t\t\t\t    <\/div>\r\n\t\t\t\t\t\t<h3 class=\"wpsm_count-title\" #ffffff> MQ DI PIAZZALI<\/h3>\r\n\t\t\t\t\t\t \r\n\t\t\t\t\t<\/div>\r\n\t\t\t\t<\/div>\r\n\t\t\t\t\t\t\t\t\t<div class=\"wpsm_col-md-3 wpsm_col-sm-6\">\r\n\t\t\t\t\t<div class=\"wpsm_counterbox\">\r\n\t\t\t\t\t\t\t\t\t\t\t\t<div class=\"wpsm_number\" style=\"#ffffff\" >\r\n\t\t\t\t\t\t   <span class=\"counter\">15000\t\t\t\t\t\t   <\/span>\r\n\t\t\t\t\t\t    \r\n\t\t\t\t\t    <\/div>\r\n\t\t\t\t\t\t<h3 class=\"wpsm_count-title\" #ffffff> MQ DI CAPANNONI INDUSTRIALI<\/h3>\r\n\t\t\t\t\t\t \r\n\t\t\t\t\t<\/div>\r\n\t\t\t\t<\/div>\r\n\t\t\t\t\t\t\t\t\t<div class=\"wpsm_col-md-3 wpsm_col-sm-6\">\r\n\t\t\t\t\t<div class=\"wpsm_counterbox\">\r\n\t\t\t\t\t\t\t\t\t\t\t\t<div class=\"wpsm_number\" style=\"#ffffff\" >\r\n\t\t\t\t\t\t   <span class=\"counter\">1500\t\t\t\t\t\t   <\/span>\r\n\t\t\t\t\t\t    \r\n\t\t\t\t\t    <\/div>\r\n\t\t\t\t\t\t<h3 class=\"wpsm_count-title\" #ffffff> MC DI ESSICCATOI<\/h3>\r\n\t\t\t\t\t\t \r\n\t\t\t\t\t<\/div>\r\n\t\t\t\t<\/div>\r\n\t\t\t\t\t\t\t\t\t<div class=\"wpsm_col-md-3 wpsm_col-sm-6\">\r\n\t\t\t\t\t<div class=\"wpsm_counterbox\">\r\n\t\t\t\t\t\t\t\t\t\t\t\t<div class=\"wpsm_number\" style=\"#ffffff\" >\r\n\t\t\t\t\t\t   <span class=\"counter\">100\t\t\t\t\t\t   <\/span>\r\n\t\t\t\t\t\t    \r\n\t\t\t\t\t    <\/div>\r\n\t\t\t\t\t\t<h3 class=\"wpsm_count-title\" #ffffff> COLLABORATORI<\/h3>\r\n\t\t\t\t\t\t \r\n\t\t\t\t\t<\/div>\r\n\t\t\t\t<\/div>\r\n\t\t\t\t\t\t<\/div>\r\n\t\t\t<div class=\"wpsm_row\">\r\n\t\t\t\t\t\t\r\n\t\t\t<\/div>\t\t\t\t<\/div>\r\n\t\t<\/div>\r\n\t\t\r\n\t[\/vc_column_text][\/vc_column][\/vc_row][vc_row type=&#8221;full_page_width&#8221;][vc_column css=&#8221;.vc_custom_1459515515056{margin-right: -15px !important;margin-left: -15px !important;}&#8221;][vc_separator color=&#8221;#f2f2f2&#8243; type=&#8221;normal&#8221; thickness=&#8221;1&#8243; up=&#8221;&#8221; down=&#8221;&#8221;][\/vc_column][\/vc_row][vc_row type=&#8221;container&#8221; css=&#8221;.vc_custom_1459618882722{padding-top: 15px !important;padding-bottom: 25px !important;}&#8221;][vc_column width=&#8221;1\/6&#8243;][\/vc_column][vc_column width=&#8221;2\/3&#8243;][vc_column_text]<\/p>\n<h2 style=\"text-align: center;\">I PRODOTTI<\/h2>\n<h5 style=\"text-align: center; margin-top: 0;\"><span style=\"color: #999999;\">Accedi ai siti dedicati per vedere la nostra produzione<\/span><\/h5>\n<p>[\/vc_column_text][vc_row_inner][vc_column_inner width=&#8221;1\/3&#8243;][\/vc_column_inner][vc_column_inner width=&#8221;1\/3&#8243;][vc_single_image image=&#8221;72480&#8243; img_size=&#8221;full&#8221; alignment=&#8221;center&#8221; onclick=&#8221;custom_link&#8221; link=&#8221;\/it\/brand\/lipa\/&#8221;][\/vc_column_inner][vc_column_inner width=&#8221;1\/3&#8243;][\/vc_column_inner][\/vc_row_inner][\/vc_column][vc_column width=&#8221;1\/6&#8243;][\/vc_column][\/vc_row][vc_row content_placement=&#8221;middle&#8221; type=&#8221;container&#8221; css=&#8221;.vc_custom_1528992099124{margin-bottom: 0px !important;padding-top: 15px !important;padding-bottom: 0px !important;}&#8221;][vc_column width=&#8221;1\/6&#8243;][\/vc_column][vc_column width=&#8221;2\/3&#8243;][vc_single_image image=&#8221;72476&#8243; img_size=&#8221;full&#8221; alignment=&#8221;center&#8221; css=&#8221;.vc_custom_1544551411948{margin-bottom: 0px !important;padding-bottom: 0px !important;}&#8221;][\/vc_column][vc_column width=&#8221;1\/6&#8243;][\/vc_column][\/vc_row][vc_row type=&#8221;full_page_width&#8221;][vc_column css=&#8221;.vc_custom_1459515515056{margin-right: -15px !important;margin-left: -15px !important;}&#8221;][vc_separator color=&#8221;#f2f2f2&#8243; type=&#8221;normal&#8221; thickness=&#8221;1&#8243; up=&#8221;&#8221; down=&#8221;&#8221;][\/vc_column][\/vc_row]<\/p>\n<\/div>","protected":false},"excerpt":{"rendered":"<p>[vc_row type=&#8221;full_page_width&#8221;][vc_column css=&#8221;.vc_custom_1459519895642{margin-bottom: 0px !important;padding-right: 0px !important;padding-left: 0px !important;}&#8221;][layerslider_vc id=&#8221;4&#8243;][\/vc_column][\/vc_row][vc_row type=&#8221;container&#8221; css=&#8221;.vc_custom_1459978406491{padding-top: 5px !important;}&#8221;][vc_column][vc_column_text] Una presenza qualificata e un impegno costante nel settore del legno per offrire competenza e affidabilit\u00e0 al servizio dei clienti. [\/vc_column_text][\/vc_column][\/vc_row][vc_row type=&#8221;container&#8221; css=&#8221;.vc_custom_1464192887517{margin-right: -15px !important;margin-left: -15px !important;padding-top: 20px !important;padding-bottom: 40px !important;}&#8221; el_class=&#8221;home-solutions-row&#8221;][vc_column width=&#8221;1\/3&#8243;][vc_single_image image=&#8221;72686&#8243; img_size=&#8221;600&#215;700&#8243; alignment=&#8221;center&#8221; onclick=&#8221;custom_link&#8221; css=&#8221;.vc_custom_1735590684298{margin-bottom: 20px !important;}&#8221; link=&#8221;\/it\/chi-siamo\/&#8221; [&hellip;]<\/p>\n","protected":false},"author":1,"featured_media":0,"parent":0,"menu_order":0,"comment_status":"closed","ping_status":"closed","template":"page-homepage.php","meta":[],"acf":[],"_links":{"self":[{"href":"https:\/\/www.coratimberindustries.com\/it\/wp-json\/wp\/v2\/pages\/12"}],"collection":[{"href":"https:\/\/www.coratimberindustries.com\/it\/wp-json\/wp\/v2\/pages"}],"about":[{"href":"https:\/\/www.coratimberindustries.com\/it\/wp-json\/wp\/v2\/types\/page"}],"author":[{"embeddable":true,"href":"https:\/\/www.coratimberindustries.com\/it\/wp-json\/wp\/v2\/users\/1"}],"replies":[{"embeddable":true,"href":"https:\/\/www.coratimberindustries.com\/it\/wp-json\/wp\/v2\/comments?post=12"}],"version-history":[{"count":81,"href":"https:\/\/www.coratimberindustries.com\/it\/wp-json\/wp\/v2\/pages\/12\/revisions"}],"predecessor-version":[{"id":73083,"href":"https:\/\/www.coratimberindustries.com\/it\/wp-json\/wp\/v2\/pages\/12\/revisions\/73083"}],"wp:attachment":[{"href":"https:\/\/www.coratimberindustries.com\/it\/wp-json\/wp\/v2\/media?parent=12"}],"curies":[{"name":"wp","href":"https:\/\/api.w.org\/{rel}","templated":true}]}}